{"id":5179,"date":"2025-06-02T13:02:47","date_gmt":"2025-06-02T11:02:47","guid":{"rendered":"https:\/\/perfectclinic.scrdesign.com\/perfect-clinic-schoenheit-ist-eine-kunst-sie-sind-die-inspiration\/"},"modified":"2026-04-16T11:18:14","modified_gmt":"2026-04-16T09:18:14","slug":"perfect-clinic-schoenheit-ist-eine-kunst-sie-sind-die-inspiration","status":"publish","type":"page","link":"https:\/\/perfectclinic.scrdesign.com\/de\/","title":{"rendered":"Perfect Clinic | Sch\u00f6nheit ist eine Kunst, Sie sind die Inspiration"},"content":{"rendered":"","protected":false},"excerpt":{"rendered":"","protected":false},"author":1,"featured_media":0,"parent":0,"menu_order":0,"comment_status":"closed","ping_status":"closed","template":"index.php","meta":{"_acf_changed":false,"inline_featured_image":false,"footnotes":""},"folder":[],"class_list":["post-5179","page","type-page","status-publish","hentry"],"acf":[],"yoast_head":"<!-- This site is optimized with the Yoast SEO plugin v27.4 - https:\/\/yoast.com\/product\/yoast-seo-wordpress\/ -->\n<title>Perfect Clinic | Sch\u00f6nheit ist eine Kunst, Sie sind die Inspiration<\/title>\n<meta name=\"description\" content=\"Wenn Sch\u00f6nheit Kunst ist, sind Sie ihre Inspiration. Perfect Clinic ist ein Team von plastischen Chirurgen unter der Leitung von Roman Kufa und Zden\u011bk Prose, die eine ganze Reihe von \u00e4sthetisch-plastischen Eingriffen durchf\u00fchren.\" \/>\n<meta name=\"robots\" content=\"noindex, follow, max-snippet:-1, max-image-preview:large, max-video-preview:-1\" \/>\n<meta property=\"og:locale\" content=\"de_DE\" \/>\n<meta property=\"og:type\" content=\"article\" \/>\n<meta property=\"og:title\" content=\"Perfect Clinic | Sch\u00f6nheit ist eine Kunst, Sie sind die Inspiration\" \/>\n<meta property=\"og:description\" content=\"Wenn Sch\u00f6nheit Kunst ist, sind Sie ihre Inspiration. Perfect Clinic ist ein Team von plastischen Chirurgen unter der Leitung von Roman Kufa und Zden\u011bk Prose, die eine ganze Reihe von \u00e4sthetisch-plastischen Eingriffen durchf\u00fchren.\" \/>\n<meta property=\"og:url\" content=\"https:\/\/perfectclinic.scrdesign.com\/de\/\" \/>\n<meta property=\"og:site_name\" content=\"Perfect Clinik\" \/>\n<meta property=\"article:modified_time\" content=\"2026-04-16T09:18:14+00:00\" \/>\n<meta name=\"twitter:card\" content=\"summary_large_image\" \/>\n<script type=\"application\/ld+json\" class=\"yoast-schema-graph\">{\"@context\":\"https:\\\/\\\/schema.org\",\"@graph\":[{\"@type\":\"WebPage\",\"@id\":\"https:\\\/\\\/perfectclinic.scrdesign.com\\\/de\\\/\",\"url\":\"https:\\\/\\\/perfectclinic.scrdesign.com\\\/de\\\/\",\"name\":\"Perfect Clinic | Sch\u00f6nheit ist eine Kunst, Sie sind die Inspiration\",\"isPartOf\":{\"@id\":\"https:\\\/\\\/perfectclinic.scrdesign.com\\\/de\\\/#website\"},\"datePublished\":\"2025-06-02T11:02:47+00:00\",\"dateModified\":\"2026-04-16T09:18:14+00:00\",\"description\":\"Wenn Sch\u00f6nheit Kunst ist, sind Sie ihre Inspiration. Perfect Clinic ist ein Team von plastischen Chirurgen unter der Leitung von Roman Kufa und Zden\u011bk Prose, die eine ganze Reihe von \u00e4sthetisch-plastischen Eingriffen durchf\u00fchren.\",\"breadcrumb\":{\"@id\":\"https:\\\/\\\/perfectclinic.scrdesign.com\\\/de\\\/#breadcrumb\"},\"inLanguage\":\"de\",\"potentialAction\":[{\"@type\":\"ReadAction\",\"target\":[\"https:\\\/\\\/perfectclinic.scrdesign.com\\\/de\\\/\"]}]},{\"@type\":\"BreadcrumbList\",\"@id\":\"https:\\\/\\\/perfectclinic.scrdesign.com\\\/de\\\/#breadcrumb\",\"itemListElement\":[{\"@type\":\"ListItem\",\"position\":1,\"name\":\"Dom\u016f\",\"item\":\"https:\\\/\\\/perfectclinic.scrdesign.com\\\/de\\\/perfect-clinic-schoenheit-ist-eine-kunst-sie-sind-die-inspiration\\\/\"},{\"@type\":\"ListItem\",\"position\":2,\"name\":\"Perfect Clinic | Sch\u00f6nheit ist eine Kunst, Sie sind die Inspiration\"}]},{\"@type\":\"WebSite\",\"@id\":\"https:\\\/\\\/perfectclinic.scrdesign.com\\\/de\\\/#website\",\"url\":\"https:\\\/\\\/perfectclinic.scrdesign.com\\\/de\\\/\",\"name\":\"Perfect Clinik\",\"description\":\"\",\"potentialAction\":[{\"@type\":\"SearchAction\",\"target\":{\"@type\":\"EntryPoint\",\"urlTemplate\":\"https:\\\/\\\/perfectclinic.scrdesign.com\\\/de\\\/?s={search_term_string}\"},\"query-input\":{\"@type\":\"PropertyValueSpecification\",\"valueRequired\":true,\"valueName\":\"search_term_string\"}}],\"inLanguage\":\"de\"}]}<\/script>\n<!-- \/ Yoast SEO plugin. -->","yoast_head_json":{"title":"Perfect Clinic | Sch\u00f6nheit ist eine Kunst, Sie sind die Inspiration","description":"Wenn Sch\u00f6nheit Kunst ist, sind Sie ihre Inspiration. Perfect Clinic ist ein Team von plastischen Chirurgen unter der Leitung von Roman Kufa und Zden\u011bk Prose, die eine ganze Reihe von \u00e4sthetisch-plastischen Eingriffen durchf\u00fchren.","robots":{"index":"noindex","follow":"follow","max-snippet":"max-snippet:-1","max-image-preview":"max-image-preview:large","max-video-preview":"max-video-preview:-1"},"og_locale":"de_DE","og_type":"article","og_title":"Perfect Clinic | Sch\u00f6nheit ist eine Kunst, Sie sind die Inspiration","og_description":"Wenn Sch\u00f6nheit Kunst ist, sind Sie ihre Inspiration. Perfect Clinic ist ein Team von plastischen Chirurgen unter der Leitung von Roman Kufa und Zden\u011bk Prose, die eine ganze Reihe von \u00e4sthetisch-plastischen Eingriffen durchf\u00fchren.","og_url":"https:\/\/perfectclinic.scrdesign.com\/de\/","og_site_name":"Perfect Clinik","article_modified_time":"2026-04-16T09:18:14+00:00","twitter_card":"summary_large_image","schema":{"@context":"https:\/\/schema.org","@graph":[{"@type":"WebPage","@id":"https:\/\/perfectclinic.scrdesign.com\/de\/","url":"https:\/\/perfectclinic.scrdesign.com\/de\/","name":"Perfect Clinic | Sch\u00f6nheit ist eine Kunst, Sie sind die Inspiration","isPartOf":{"@id":"https:\/\/perfectclinic.scrdesign.com\/de\/#website"},"datePublished":"2025-06-02T11:02:47+00:00","dateModified":"2026-04-16T09:18:14+00:00","description":"Wenn Sch\u00f6nheit Kunst ist, sind Sie ihre Inspiration. Perfect Clinic ist ein Team von plastischen Chirurgen unter der Leitung von Roman Kufa und Zden\u011bk Prose, die eine ganze Reihe von \u00e4sthetisch-plastischen Eingriffen durchf\u00fchren.","breadcrumb":{"@id":"https:\/\/perfectclinic.scrdesign.com\/de\/#breadcrumb"},"inLanguage":"de","potentialAction":[{"@type":"ReadAction","target":["https:\/\/perfectclinic.scrdesign.com\/de\/"]}]},{"@type":"BreadcrumbList","@id":"https:\/\/perfectclinic.scrdesign.com\/de\/#breadcrumb","itemListElement":[{"@type":"ListItem","position":1,"name":"Dom\u016f","item":"https:\/\/perfectclinic.scrdesign.com\/de\/perfect-clinic-schoenheit-ist-eine-kunst-sie-sind-die-inspiration\/"},{"@type":"ListItem","position":2,"name":"Perfect Clinic | Sch\u00f6nheit ist eine Kunst, Sie sind die Inspiration"}]},{"@type":"WebSite","@id":"https:\/\/perfectclinic.scrdesign.com\/de\/#website","url":"https:\/\/perfectclinic.scrdesign.com\/de\/","name":"Perfect Clinik","description":"","potentialAction":[{"@type":"SearchAction","target":{"@type":"EntryPoint","urlTemplate":"https:\/\/perfectclinic.scrdesign.com\/de\/?s={search_term_string}"},"query-input":{"@type":"PropertyValueSpecification","valueRequired":true,"valueName":"search_term_string"}}],"inLanguage":"de"}]}},"_links":{"self":[{"href":"https:\/\/perfectclinic.scrdesign.com\/de\/wp-json\/wp\/v2\/pages\/5179","targetHints":{"allow":["GET"]}}],"collection":[{"href":"https:\/\/perfectclinic.scrdesign.com\/de\/wp-json\/wp\/v2\/pages"}],"about":[{"href":"https:\/\/perfectclinic.scrdesign.com\/de\/wp-json\/wp\/v2\/types\/page"}],"author":[{"embeddable":true,"href":"https:\/\/perfectclinic.scrdesign.com\/de\/wp-json\/wp\/v2\/users\/1"}],"replies":[{"embeddable":true,"href":"https:\/\/perfectclinic.scrdesign.com\/de\/wp-json\/wp\/v2\/comments?post=5179"}],"version-history":[{"count":1,"href":"https:\/\/perfectclinic.scrdesign.com\/de\/wp-json\/wp\/v2\/pages\/5179\/revisions"}],"predecessor-version":[{"id":8860,"href":"https:\/\/perfectclinic.scrdesign.com\/de\/wp-json\/wp\/v2\/pages\/5179\/revisions\/8860"}],"wp:attachment":[{"href":"https:\/\/perfectclinic.scrdesign.com\/de\/wp-json\/wp\/v2\/media?parent=5179"}],"wp:term":[{"taxonomy":"folder","embeddable":true,"href":"https:\/\/perfectclinic.scrdesign.com\/de\/wp-json\/wp\/v2\/folder?post=5179"}],"curies":[{"name":"wp","href":"https:\/\/api.w.org\/{rel}","templated":true}]}}