{"id":8172,"date":"2025-09-17T09:56:14","date_gmt":"2025-09-17T07:56:14","guid":{"rendered":"https:\/\/perfectclinic.scrdesign.com\/perfektes-internes-reglement-der-klinik\/"},"modified":"2026-03-04T10:15:57","modified_gmt":"2026-03-04T09:15:57","slug":"perfektes-internes-reglement-der-klinik","status":"publish","type":"page","link":"https:\/\/perfectclinic.scrdesign.com\/de\/informationen-fuer-kunden\/perfektes-internes-reglement-der-klinik\/","title":{"rendered":"Perfektes internes Reglement der Klinik"},"content":{"rendered":"<p>Lieber Kunde,<\/p>\n<p>Wir werden unser Bestes tun, um sicherzustellen, dass Sie die beste professionelle Betreuung erhalten, und wir werden gemeinsam unser Bestes f\u00fcr Ihre optimale Gesundheit und Ihr k\u00f6rperliches und geistiges Wohlbefinden tun.<\/p>\n<h4><strong>Informationen \u00fcber das Aufnahmeverfahren und den Verlauf der Perfect Clinic<\/strong><\/h4>\n<ol>\n<li>Wenn Sie in der Perfect Clinic ankommen, melden Sie sich bitte an der Rezeption und geben Sie den Grund f\u00fcr Ihren Besuch an.<\/li>\n<li>Im Falle eines Krankenhausaufenthalts kommt eine Krankenschwester von der station\u00e4ren Station und zeigt Ihnen Ihr Zimmer. Sie wird Sie mit den Abl\u00e4ufen und der Ausstattung der Station sowie mit dem Ablauf vor der Operation vertraut machen.<\/li>\n<li>Legen Sie pers\u00f6nliche Gegenst\u00e4nde in den Nachttisch, Kleidung und andere Sachen in den abschlie\u00dfbaren Kleiderschrank.<\/li>\n<li>Sie werden von einem An\u00e4sthesisten aufgesucht, der den Narkosefragebogen konsultiert und die optimale Narkosemethode f\u00fcr den Eingriff vorschl\u00e4gt. Informieren Sie den Arzt in Ihrem eigenen Interesse \u00fcber alle mitgebrachten und eingenommenen Medikamente.<\/li>\n<li>Ihre Behandlung wird von Ihrem behandelnden Arzt &#8211; einem Chirurgen mit einem Team von medizinischem Personal &#8211; geleitet.<\/li>\n<li>F\u00fcr die Pflege ist ein Team von Krankenschwestern unter der fachkundigen Leitung der Oberschwester verantwortlich.<\/li>\n<li>Sie haben das Recht, die Namen des medizinischen Personals zu erfahren, das Sie behandelt.<\/li>\n<li>Besuche sind t\u00e4glich von 7 Uhr morgens bis 21 Uhr abends vorgesehen. Besuche au\u00dferhalb der Besuchszeiten m\u00fcssen von dem behandelnden oder diensthabenden Arzt genehmigt werden. Der Chefarzt der Perfect Clinic kann Besuche aus hygienischen und epidemiologischen Gr\u00fcnden vor\u00fcbergehend untersagen.<\/li>\n<li>Der behandelnde Arzt wird unter Wahrung der \u00e4rztlichen Schweigepflicht Informationen \u00fcber Ihren Gesundheitszustand nur an von Ihnen benannte Personen weitergeben.<\/li>\n<li>\u00a0Wenn vor der Operation vereinbart, kann der Krankenhausaufenthalt mit einem Erwachsenen (in der Regel dem n\u00e4chsten Angeh\u00f6rigen) geteilt werden. Die Bezahlung des Aufenthalts richtet sich nach der Preisliste.<\/li>\n<li>\u00a0Bevor Sie Perfect Clinic verlassen, wird der behandelnde Arzt einen Entlassungsbericht ausstellen und Sie \u00fcber das weitere Vorgehen informieren.<\/li>\n<li>\u00a0Vergessen Sie nicht, Ihren Entlassungsbericht Ihrem Hausarzt zu geben, wenn Sie entlassen werden.<\/li>\n<li>\u00a0Sie sind verpflichtet, alle Geb\u00fchren f\u00fcr die vereinbarten Dienstleistungen vor Ende Ihres Aufenthalts zu bezahlen.<\/li>\n<\/ol>\n<h4><strong><br \/>\nBitte beachten Sie die folgenden Richtlinien, die f\u00fcr alle Perfect Clinic-Kunden verbindlich sind<\/strong><\/h4>\n<ol>\n<li>In der Perfect Clinic gilt ein striktes Rauchverbot.<\/li>\n<li>Der Konsum von alkoholischen Getr\u00e4nken und Bet\u00e4ubungsmitteln ist verboten.<br \/>\nBitte nehmen Sie die von Ihrem behandelnden Arzt verordneten Medikamente, die Ihnen von der Krankenschwester gebracht werden, genau zur angegebenen Zeit ein.<\/li>\n<li>Bitte beachten Sie die n\u00e4chtlichen Ruhezeiten zwischen 22:00 und 6:00 Uhr.<\/li>\n<li>Sichern Sie die Ausr\u00fcstung und das Inventar der Klinik und sorgen Sie w\u00e4hrend Ihres Aufenthalts f\u00fcr Ordnung, Sauberkeit und Hygiene.<\/li>\n<li>Bleiben Sie im Falle einer unvorhergesehenen Situation immer ruhig und befolgen Sie die Anweisungen des Personals am Arbeitsplatz.<\/li>\n<li>Bitte schreiben Sie Ihre W\u00fcnsche, Kommentare und Anregungen in den Fragebogen, der in Ihrem Nachttisch liegt.<\/li>\n<\/ol>\n<p>Eine Voraussetzung f\u00fcr eine erfolgreiche Behandlung ist der Aufbau einer vertrauensvollen und kooperativen Beziehung zueinander. Es ist unser aufrichtiger Wunsch, dass jeder unserer Kunden &#8211; auch Sie &#8211; die Behandlung mit aktivem Interesse und Vertrauen in das Fachwissen und die F\u00e4higkeiten unserer \u00c4rzte, Krankenschwestern und anderer Mitarbeiter der Perfect Clinic angeht.<br \/>\nWir hoffen, dass Sie mit der Pflege und den Dienstleistungen, die wir anbieten, zufrieden sind und dass Sie unsere Klinik auch nach Ihrem Aufenthalt weiterhin bevorzugen werden.<\/p>\n","protected":false},"excerpt":{"rendered":"<p>Lieber Kunde, Wir werden unser Bestes tun, um sicherzustellen, dass Sie die beste professionelle Betreuung erhalten, und wir werden gemeinsam unser Bestes f\u00fcr Ihre optimale Gesundheit und Ihr k\u00f6rperliches und geistiges Wohlbefinden tun. Informationen \u00fcber das Aufnahmeverfahren und den Verlauf der Perfect Clinic Wenn Sie in der Perfect Clinic ankommen, melden Sie sich bitte an der Rezeption und geben Sie den Grund f\u00fcr Ihren Besuch an. Im Falle eines Krankenhausaufenthalts kommt eine Krankenschwester von der station\u00e4ren Station und zeigt Ihnen Ihr Zimmer. Sie wird Sie mit den Abl\u00e4ufen und der [&hellip;]<\/p>\n","protected":false},"author":1,"featured_media":0,"parent":8185,"menu_order":0,"comment_status":"closed","ping_status":"closed","template":"simple-page.php","meta":{"_acf_changed":false,"inline_featured_image":false,"footnotes":""},"folder":[],"class_list":["post-8172","page","type-page","status-publish","hentry"],"acf":[],"yoast_head":"<!-- This site is optimized with the Yoast SEO plugin v27.4 - https:\/\/yoast.com\/product\/yoast-seo-wordpress\/ -->\n<title>Perfektes internes Reglement der Klinik - Perfect Clinik<\/title>\n<meta name=\"robots\" content=\"noindex, follow, max-snippet:-1, max-image-preview:large, max-video-preview:-1\" \/>\n<meta property=\"og:locale\" content=\"de_DE\" \/>\n<meta property=\"og:type\" content=\"article\" \/>\n<meta property=\"og:title\" content=\"Perfektes internes Reglement der Klinik - Perfect Clinik\" \/>\n<meta property=\"og:description\" content=\"Lieber Kunde, Wir werden unser Bestes tun, um sicherzustellen, dass Sie die beste professionelle Betreuung erhalten, und wir werden gemeinsam unser Bestes f\u00fcr Ihre optimale Gesundheit und Ihr k\u00f6rperliches und geistiges Wohlbefinden tun. Informationen \u00fcber das Aufnahmeverfahren und den Verlauf der Perfect Clinic Wenn Sie in der Perfect Clinic ankommen, melden Sie sich bitte an der Rezeption und geben Sie den Grund f\u00fcr Ihren Besuch an. Im Falle eines Krankenhausaufenthalts kommt eine Krankenschwester von der station\u00e4ren Station und zeigt Ihnen Ihr Zimmer. Sie wird Sie mit den Abl\u00e4ufen und der [&hellip;]\" \/>\n<meta property=\"og:url\" content=\"https:\/\/perfectclinic.scrdesign.com\/de\/informationen-fuer-kunden\/perfektes-internes-reglement-der-klinik\/\" \/>\n<meta property=\"og:site_name\" content=\"Perfect Clinik\" \/>\n<meta property=\"article:modified_time\" content=\"2026-03-04T09:15:57+00:00\" \/>\n<meta name=\"twitter:card\" content=\"summary_large_image\" \/>\n<meta name=\"twitter:label1\" content=\"Gesch\u00e4tzte Lesezeit\" \/>\n\t<meta name=\"twitter:data1\" content=\"3\u00a0Minuten\" \/>\n<script type=\"application\/ld+json\" class=\"yoast-schema-graph\">{\"@context\":\"https:\\\/\\\/schema.org\",\"@graph\":[{\"@type\":\"WebPage\",\"@id\":\"https:\\\/\\\/perfectclinic.scrdesign.com\\\/de\\\/informationen-fuer-kunden\\\/perfektes-internes-reglement-der-klinik\\\/\",\"url\":\"https:\\\/\\\/perfectclinic.scrdesign.com\\\/de\\\/informationen-fuer-kunden\\\/perfektes-internes-reglement-der-klinik\\\/\",\"name\":\"Perfektes internes Reglement der Klinik - Perfect Clinik\",\"isPartOf\":{\"@id\":\"https:\\\/\\\/perfectclinic.scrdesign.com\\\/de\\\/#website\"},\"datePublished\":\"2025-09-17T07:56:14+00:00\",\"dateModified\":\"2026-03-04T09:15:57+00:00\",\"breadcrumb\":{\"@id\":\"https:\\\/\\\/perfectclinic.scrdesign.com\\\/de\\\/informationen-fuer-kunden\\\/perfektes-internes-reglement-der-klinik\\\/#breadcrumb\"},\"inLanguage\":\"de\",\"potentialAction\":[{\"@type\":\"ReadAction\",\"target\":[\"https:\\\/\\\/perfectclinic.scrdesign.com\\\/de\\\/informationen-fuer-kunden\\\/perfektes-internes-reglement-der-klinik\\\/\"]}]},{\"@type\":\"BreadcrumbList\",\"@id\":\"https:\\\/\\\/perfectclinic.scrdesign.com\\\/de\\\/informationen-fuer-kunden\\\/perfektes-internes-reglement-der-klinik\\\/#breadcrumb\",\"itemListElement\":[{\"@type\":\"ListItem\",\"position\":1,\"name\":\"Dom\u016f\",\"item\":\"https:\\\/\\\/perfectclinic.scrdesign.com\\\/de\\\/perfect-clinic-schoenheit-ist-eine-kunst-sie-sind-die-inspiration\\\/\"},{\"@type\":\"ListItem\",\"position\":2,\"name\":\"Informationen f\u00fcr Kunden\",\"item\":\"https:\\\/\\\/perfectclinic.scrdesign.com\\\/de\\\/informationen-fuer-kunden\\\/\"},{\"@type\":\"ListItem\",\"position\":3,\"name\":\"Perfektes internes Reglement der Klinik\"}]},{\"@type\":\"WebSite\",\"@id\":\"https:\\\/\\\/perfectclinic.scrdesign.com\\\/de\\\/#website\",\"url\":\"https:\\\/\\\/perfectclinic.scrdesign.com\\\/de\\\/\",\"name\":\"Perfect Clinik\",\"description\":\"\",\"potentialAction\":[{\"@type\":\"SearchAction\",\"target\":{\"@type\":\"EntryPoint\",\"urlTemplate\":\"https:\\\/\\\/perfectclinic.scrdesign.com\\\/de\\\/?s={search_term_string}\"},\"query-input\":{\"@type\":\"PropertyValueSpecification\",\"valueRequired\":true,\"valueName\":\"search_term_string\"}}],\"inLanguage\":\"de\"}]}<\/script>\n<!-- \/ Yoast SEO plugin. -->","yoast_head_json":{"title":"Perfektes internes Reglement der Klinik - Perfect Clinik","robots":{"index":"noindex","follow":"follow","max-snippet":"max-snippet:-1","max-image-preview":"max-image-preview:large","max-video-preview":"max-video-preview:-1"},"og_locale":"de_DE","og_type":"article","og_title":"Perfektes internes Reglement der Klinik - Perfect Clinik","og_description":"Lieber Kunde, Wir werden unser Bestes tun, um sicherzustellen, dass Sie die beste professionelle Betreuung erhalten, und wir werden gemeinsam unser Bestes f\u00fcr Ihre optimale Gesundheit und Ihr k\u00f6rperliches und geistiges Wohlbefinden tun. Informationen \u00fcber das Aufnahmeverfahren und den Verlauf der Perfect Clinic Wenn Sie in der Perfect Clinic ankommen, melden Sie sich bitte an der Rezeption und geben Sie den Grund f\u00fcr Ihren Besuch an. Im Falle eines Krankenhausaufenthalts kommt eine Krankenschwester von der station\u00e4ren Station und zeigt Ihnen Ihr Zimmer. Sie wird Sie mit den Abl\u00e4ufen und der [&hellip;]","og_url":"https:\/\/perfectclinic.scrdesign.com\/de\/informationen-fuer-kunden\/perfektes-internes-reglement-der-klinik\/","og_site_name":"Perfect Clinik","article_modified_time":"2026-03-04T09:15:57+00:00","twitter_card":"summary_large_image","twitter_misc":{"Gesch\u00e4tzte Lesezeit":"3\u00a0Minuten"},"schema":{"@context":"https:\/\/schema.org","@graph":[{"@type":"WebPage","@id":"https:\/\/perfectclinic.scrdesign.com\/de\/informationen-fuer-kunden\/perfektes-internes-reglement-der-klinik\/","url":"https:\/\/perfectclinic.scrdesign.com\/de\/informationen-fuer-kunden\/perfektes-internes-reglement-der-klinik\/","name":"Perfektes internes Reglement der Klinik - Perfect Clinik","isPartOf":{"@id":"https:\/\/perfectclinic.scrdesign.com\/de\/#website"},"datePublished":"2025-09-17T07:56:14+00:00","dateModified":"2026-03-04T09:15:57+00:00","breadcrumb":{"@id":"https:\/\/perfectclinic.scrdesign.com\/de\/informationen-fuer-kunden\/perfektes-internes-reglement-der-klinik\/#breadcrumb"},"inLanguage":"de","potentialAction":[{"@type":"ReadAction","target":["https:\/\/perfectclinic.scrdesign.com\/de\/informationen-fuer-kunden\/perfektes-internes-reglement-der-klinik\/"]}]},{"@type":"BreadcrumbList","@id":"https:\/\/perfectclinic.scrdesign.com\/de\/informationen-fuer-kunden\/perfektes-internes-reglement-der-klinik\/#breadcrumb","itemListElement":[{"@type":"ListItem","position":1,"name":"Dom\u016f","item":"https:\/\/perfectclinic.scrdesign.com\/de\/perfect-clinic-schoenheit-ist-eine-kunst-sie-sind-die-inspiration\/"},{"@type":"ListItem","position":2,"name":"Informationen f\u00fcr Kunden","item":"https:\/\/perfectclinic.scrdesign.com\/de\/informationen-fuer-kunden\/"},{"@type":"ListItem","position":3,"name":"Perfektes internes Reglement der Klinik"}]},{"@type":"WebSite","@id":"https:\/\/perfectclinic.scrdesign.com\/de\/#website","url":"https:\/\/perfectclinic.scrdesign.com\/de\/","name":"Perfect Clinik","description":"","potentialAction":[{"@type":"SearchAction","target":{"@type":"EntryPoint","urlTemplate":"https:\/\/perfectclinic.scrdesign.com\/de\/?s={search_term_string}"},"query-input":{"@type":"PropertyValueSpecification","valueRequired":true,"valueName":"search_term_string"}}],"inLanguage":"de"}]}},"_links":{"self":[{"href":"https:\/\/perfectclinic.scrdesign.com\/de\/wp-json\/wp\/v2\/pages\/8172","targetHints":{"allow":["GET"]}}],"collection":[{"href":"https:\/\/perfectclinic.scrdesign.com\/de\/wp-json\/wp\/v2\/pages"}],"about":[{"href":"https:\/\/perfectclinic.scrdesign.com\/de\/wp-json\/wp\/v2\/types\/page"}],"author":[{"embeddable":true,"href":"https:\/\/perfectclinic.scrdesign.com\/de\/wp-json\/wp\/v2\/users\/1"}],"replies":[{"embeddable":true,"href":"https:\/\/perfectclinic.scrdesign.com\/de\/wp-json\/wp\/v2\/comments?post=8172"}],"version-history":[{"count":2,"href":"https:\/\/perfectclinic.scrdesign.com\/de\/wp-json\/wp\/v2\/pages\/8172\/revisions"}],"predecessor-version":[{"id":8390,"href":"https:\/\/perfectclinic.scrdesign.com\/de\/wp-json\/wp\/v2\/pages\/8172\/revisions\/8390"}],"up":[{"embeddable":true,"href":"https:\/\/perfectclinic.scrdesign.com\/de\/wp-json\/wp\/v2\/pages\/8185"}],"wp:attachment":[{"href":"https:\/\/perfectclinic.scrdesign.com\/de\/wp-json\/wp\/v2\/media?parent=8172"}],"wp:term":[{"taxonomy":"folder","embeddable":true,"href":"https:\/\/perfectclinic.scrdesign.com\/de\/wp-json\/wp\/v2\/folder?post=8172"}],"curies":[{"name":"wp","href":"https:\/\/api.w.org\/{rel}","templated":true}]}}