{"id":8173,"date":"2025-07-24T14:13:58","date_gmt":"2025-07-24T12:13:58","guid":{"rendered":"https:\/\/perfectclinic.scrdesign.com\/anweisungen-vor-dem-eingriff-unter-lokaler-anaesthesie\/"},"modified":"2026-03-04T10:33:14","modified_gmt":"2026-03-04T09:33:14","slug":"anweisungen-vor-dem-eingriff-unter-lokaler-anaesthesie","status":"publish","type":"page","link":"https:\/\/perfectclinic.scrdesign.com\/de\/informationen-fuer-kunden\/anweisungen-vor-dem-eingriff-unter-lokaler-anaesthesie\/","title":{"rendered":"Anweisungen vor dem Eingriff unter lokaler An\u00e4sthesie"},"content":{"rendered":"<p>Bei Operationen unter \u00f6rtlicher Bet\u00e4ubung verlangen wir keine Blutabnahme. Wenn der Kunde wegen etwas behandelt wird, liegt dies im Ermessen des Chirurgen.<\/p>\n<h2>Mahlzeiten und Vorbereitung vor dem Eingriff:<\/h2>\n<ul>\n<li>Sie k\u00f6nnen am Tag des Eingriffs essen und trinken<\/li>\n<li>Trinken Sie mindestens 6 Stunden vor dem Eingriff keinen Kaffee<\/li>\n<li>Rauchen Sie mindestens 24 Stunden vor dem Eingriff nicht<\/li>\n<\/ul>\n<h2>Was Sie mitbringen sollten:<\/h2>\n<ul>\n<li>Ausgef\u00fcllte und unterzeichnete Unterlagen f\u00fcr die Operation, die Sie w\u00e4hrend Ihrer Konsultation mit dem Arzt erhalten haben<\/li>\n<li>Personalausweis oder anderer Identit\u00e4tsnachweis<\/li>\n<li>Zuzahlung zum Behandlungspreis &#8211; wir bevorzugen Kartenzahlung, Barzahlung ist ebenfalls m\u00f6glich<\/li>\n<\/ul>\n<h2>Wichtige Informationen:<\/h2>\n<ul>\n<li>Wenn Sie Blutverd\u00fcnner einnehmen oder eine schwere Krankheit haben, kontaktieren Sie uns sofort<\/li>\n<li>Entfernen Sie alle Piercings und Schmuckst\u00fccke &#8211; am besten lassen Sie sie zu Hause.<\/li>\n<\/ul>\n<h2>Hygienema\u00dfnahmen:<\/h2>\n<ul>\n<li>Vollst\u00e4ndig rasierter Bereich, in dem der Eingriff durchgef\u00fchrt werden soll<\/li>\n<li>Cremes und Deodorants: Verwenden Sie sie am Tag des Eingriffs nicht auf den behandelten Stellen<\/li>\n<\/ul>\n<p>&nbsp;<\/p>\n    <div class=\"custom-warning-box\">\r\n        <h2>Hinweis f\u00fcr Eingriffe der Gef\u00e4\u00dfchirurgie:<\/h2>\r\n        <p><strong>Wenn Sie hormonelle Verh\u00fctungsmittel einnehmen, m\u00fcssen diese 14 Tage vor dem Eingriff abgesetzt werden. Die erneute Einnahme ist erst 6 Wochen nach dem durchgef\u00fchrten Eingriff m\u00f6glich.<\/strong><\/p>\r\n    <\/div>\r\n    \n<p>&nbsp;<\/p>\n<h2>Entlassung nach dem Eingriff<\/h2>\n<ul>\n<li>Die Entlassung erfolgt unmittelbar nach dem Eingriff<\/li>\n<li>Wir empfehlen Ihnen, eine Begleitperson zu organisieren<\/li>\n<\/ul>\n","protected":false},"excerpt":{"rendered":"<p>Bei Operationen unter \u00f6rtlicher Bet\u00e4ubung verlangen wir keine Blutabnahme. Wenn der Kunde wegen etwas behandelt wird, liegt dies im Ermessen des Chirurgen. Mahlzeiten und Vorbereitung vor dem Eingriff: Sie k\u00f6nnen am Tag des Eingriffs essen und trinken Trinken Sie mindestens 6 Stunden vor dem Eingriff keinen Kaffee Rauchen Sie mindestens 24 Stunden vor dem Eingriff nicht Was Sie mitbringen sollten: Ausgef\u00fcllte und unterzeichnete Unterlagen f\u00fcr die Operation, die Sie w\u00e4hrend Ihrer Konsultation mit dem Arzt erhalten haben Personalausweis oder anderer Identit\u00e4tsnachweis Zuzahlung zum Behandlungspreis &#8211; wir bevorzugen Kartenzahlung, Barzahlung ist [&hellip;]<\/p>\n","protected":false},"author":1,"featured_media":0,"parent":8185,"menu_order":0,"comment_status":"closed","ping_status":"closed","template":"simple-page.php","meta":{"_acf_changed":false,"inline_featured_image":false,"footnotes":""},"folder":[],"class_list":["post-8173","page","type-page","status-publish","hentry"],"acf":[],"yoast_head":"<!-- This site is optimized with the Yoast SEO plugin v27.4 - https:\/\/yoast.com\/product\/yoast-seo-wordpress\/ -->\n<title>Anweisungen vor der Lokalan\u00e4sthesie | Perfect Clinic<\/title>\n<meta name=\"description\" content=\"Bei Operationen unter \u00f6rtlicher Bet\u00e4ubung verlangen wir keine Blutabnahme. Wenn der Kunde wegen etwas behandelt wird, liegt dies im Ermessen des Chirurgen.\" \/>\n<meta name=\"robots\" content=\"noindex, follow, max-snippet:-1, max-image-preview:large, max-video-preview:-1\" \/>\n<meta property=\"og:locale\" content=\"de_DE\" \/>\n<meta property=\"og:type\" content=\"article\" \/>\n<meta property=\"og:title\" content=\"Anweisungen vor der Lokalan\u00e4sthesie | Perfect Clinic\" \/>\n<meta property=\"og:description\" content=\"Bei Operationen unter \u00f6rtlicher Bet\u00e4ubung verlangen wir keine Blutabnahme. Wenn der Kunde wegen etwas behandelt wird, liegt dies im Ermessen des Chirurgen.\" \/>\n<meta property=\"og:url\" content=\"https:\/\/perfectclinic.scrdesign.com\/de\/informationen-fuer-kunden\/anweisungen-vor-dem-eingriff-unter-lokaler-anaesthesie\/\" \/>\n<meta property=\"og:site_name\" content=\"Perfect Clinik\" \/>\n<meta property=\"article:modified_time\" content=\"2026-03-04T09:33:14+00:00\" \/>\n<meta name=\"twitter:card\" content=\"summary_large_image\" \/>\n<meta name=\"twitter:label1\" content=\"Gesch\u00e4tzte Lesezeit\" \/>\n\t<meta name=\"twitter:data1\" content=\"2\u00a0Minuten\" \/>\n<script type=\"application\/ld+json\" class=\"yoast-schema-graph\">{\"@context\":\"https:\\\/\\\/schema.org\",\"@graph\":[{\"@type\":\"WebPage\",\"@id\":\"https:\\\/\\\/perfectclinic.scrdesign.com\\\/de\\\/informationen-fuer-kunden\\\/anweisungen-vor-dem-eingriff-unter-lokaler-anaesthesie\\\/\",\"url\":\"https:\\\/\\\/perfectclinic.scrdesign.com\\\/de\\\/informationen-fuer-kunden\\\/anweisungen-vor-dem-eingriff-unter-lokaler-anaesthesie\\\/\",\"name\":\"Anweisungen vor der Lokalan\u00e4sthesie | Perfect Clinic\",\"isPartOf\":{\"@id\":\"https:\\\/\\\/perfectclinic.scrdesign.com\\\/de\\\/#website\"},\"datePublished\":\"2025-07-24T12:13:58+00:00\",\"dateModified\":\"2026-03-04T09:33:14+00:00\",\"description\":\"Bei Operationen unter \u00f6rtlicher Bet\u00e4ubung verlangen wir keine Blutabnahme. Wenn der Kunde wegen etwas behandelt wird, liegt dies im Ermessen des Chirurgen.\",\"breadcrumb\":{\"@id\":\"https:\\\/\\\/perfectclinic.scrdesign.com\\\/de\\\/informationen-fuer-kunden\\\/anweisungen-vor-dem-eingriff-unter-lokaler-anaesthesie\\\/#breadcrumb\"},\"inLanguage\":\"de\",\"potentialAction\":[{\"@type\":\"ReadAction\",\"target\":[\"https:\\\/\\\/perfectclinic.scrdesign.com\\\/de\\\/informationen-fuer-kunden\\\/anweisungen-vor-dem-eingriff-unter-lokaler-anaesthesie\\\/\"]}]},{\"@type\":\"BreadcrumbList\",\"@id\":\"https:\\\/\\\/perfectclinic.scrdesign.com\\\/de\\\/informationen-fuer-kunden\\\/anweisungen-vor-dem-eingriff-unter-lokaler-anaesthesie\\\/#breadcrumb\",\"itemListElement\":[{\"@type\":\"ListItem\",\"position\":1,\"name\":\"Dom\u016f\",\"item\":\"https:\\\/\\\/perfectclinic.scrdesign.com\\\/de\\\/perfect-clinic-schoenheit-ist-eine-kunst-sie-sind-die-inspiration\\\/\"},{\"@type\":\"ListItem\",\"position\":2,\"name\":\"Informationen f\u00fcr Kunden\",\"item\":\"https:\\\/\\\/perfectclinic.scrdesign.com\\\/de\\\/informationen-fuer-kunden\\\/\"},{\"@type\":\"ListItem\",\"position\":3,\"name\":\"Anweisungen vor dem Eingriff unter lokaler An\u00e4sthesie\"}]},{\"@type\":\"WebSite\",\"@id\":\"https:\\\/\\\/perfectclinic.scrdesign.com\\\/de\\\/#website\",\"url\":\"https:\\\/\\\/perfectclinic.scrdesign.com\\\/de\\\/\",\"name\":\"Perfect Clinik\",\"description\":\"\",\"potentialAction\":[{\"@type\":\"SearchAction\",\"target\":{\"@type\":\"EntryPoint\",\"urlTemplate\":\"https:\\\/\\\/perfectclinic.scrdesign.com\\\/de\\\/?s={search_term_string}\"},\"query-input\":{\"@type\":\"PropertyValueSpecification\",\"valueRequired\":true,\"valueName\":\"search_term_string\"}}],\"inLanguage\":\"de\"}]}<\/script>\n<!-- \/ Yoast SEO plugin. -->","yoast_head_json":{"title":"Anweisungen vor der Lokalan\u00e4sthesie | Perfect Clinic","description":"Bei Operationen unter \u00f6rtlicher Bet\u00e4ubung verlangen wir keine Blutabnahme. Wenn der Kunde wegen etwas behandelt wird, liegt dies im Ermessen des Chirurgen.","robots":{"index":"noindex","follow":"follow","max-snippet":"max-snippet:-1","max-image-preview":"max-image-preview:large","max-video-preview":"max-video-preview:-1"},"og_locale":"de_DE","og_type":"article","og_title":"Anweisungen vor der Lokalan\u00e4sthesie | Perfect Clinic","og_description":"Bei Operationen unter \u00f6rtlicher Bet\u00e4ubung verlangen wir keine Blutabnahme. Wenn der Kunde wegen etwas behandelt wird, liegt dies im Ermessen des Chirurgen.","og_url":"https:\/\/perfectclinic.scrdesign.com\/de\/informationen-fuer-kunden\/anweisungen-vor-dem-eingriff-unter-lokaler-anaesthesie\/","og_site_name":"Perfect Clinik","article_modified_time":"2026-03-04T09:33:14+00:00","twitter_card":"summary_large_image","twitter_misc":{"Gesch\u00e4tzte Lesezeit":"2\u00a0Minuten"},"schema":{"@context":"https:\/\/schema.org","@graph":[{"@type":"WebPage","@id":"https:\/\/perfectclinic.scrdesign.com\/de\/informationen-fuer-kunden\/anweisungen-vor-dem-eingriff-unter-lokaler-anaesthesie\/","url":"https:\/\/perfectclinic.scrdesign.com\/de\/informationen-fuer-kunden\/anweisungen-vor-dem-eingriff-unter-lokaler-anaesthesie\/","name":"Anweisungen vor der Lokalan\u00e4sthesie | Perfect Clinic","isPartOf":{"@id":"https:\/\/perfectclinic.scrdesign.com\/de\/#website"},"datePublished":"2025-07-24T12:13:58+00:00","dateModified":"2026-03-04T09:33:14+00:00","description":"Bei Operationen unter \u00f6rtlicher Bet\u00e4ubung verlangen wir keine Blutabnahme. Wenn der Kunde wegen etwas behandelt wird, liegt dies im Ermessen des Chirurgen.","breadcrumb":{"@id":"https:\/\/perfectclinic.scrdesign.com\/de\/informationen-fuer-kunden\/anweisungen-vor-dem-eingriff-unter-lokaler-anaesthesie\/#breadcrumb"},"inLanguage":"de","potentialAction":[{"@type":"ReadAction","target":["https:\/\/perfectclinic.scrdesign.com\/de\/informationen-fuer-kunden\/anweisungen-vor-dem-eingriff-unter-lokaler-anaesthesie\/"]}]},{"@type":"BreadcrumbList","@id":"https:\/\/perfectclinic.scrdesign.com\/de\/informationen-fuer-kunden\/anweisungen-vor-dem-eingriff-unter-lokaler-anaesthesie\/#breadcrumb","itemListElement":[{"@type":"ListItem","position":1,"name":"Dom\u016f","item":"https:\/\/perfectclinic.scrdesign.com\/de\/perfect-clinic-schoenheit-ist-eine-kunst-sie-sind-die-inspiration\/"},{"@type":"ListItem","position":2,"name":"Informationen f\u00fcr Kunden","item":"https:\/\/perfectclinic.scrdesign.com\/de\/informationen-fuer-kunden\/"},{"@type":"ListItem","position":3,"name":"Anweisungen vor dem Eingriff unter lokaler An\u00e4sthesie"}]},{"@type":"WebSite","@id":"https:\/\/perfectclinic.scrdesign.com\/de\/#website","url":"https:\/\/perfectclinic.scrdesign.com\/de\/","name":"Perfect Clinik","description":"","potentialAction":[{"@type":"SearchAction","target":{"@type":"EntryPoint","urlTemplate":"https:\/\/perfectclinic.scrdesign.com\/de\/?s={search_term_string}"},"query-input":{"@type":"PropertyValueSpecification","valueRequired":true,"valueName":"search_term_string"}}],"inLanguage":"de"}]}},"_links":{"self":[{"href":"https:\/\/perfectclinic.scrdesign.com\/de\/wp-json\/wp\/v2\/pages\/8173","targetHints":{"allow":["GET"]}}],"collection":[{"href":"https:\/\/perfectclinic.scrdesign.com\/de\/wp-json\/wp\/v2\/pages"}],"about":[{"href":"https:\/\/perfectclinic.scrdesign.com\/de\/wp-json\/wp\/v2\/types\/page"}],"author":[{"embeddable":true,"href":"https:\/\/perfectclinic.scrdesign.com\/de\/wp-json\/wp\/v2\/users\/1"}],"replies":[{"embeddable":true,"href":"https:\/\/perfectclinic.scrdesign.com\/de\/wp-json\/wp\/v2\/comments?post=8173"}],"version-history":[{"count":2,"href":"https:\/\/perfectclinic.scrdesign.com\/de\/wp-json\/wp\/v2\/pages\/8173\/revisions"}],"predecessor-version":[{"id":8404,"href":"https:\/\/perfectclinic.scrdesign.com\/de\/wp-json\/wp\/v2\/pages\/8173\/revisions\/8404"}],"up":[{"embeddable":true,"href":"https:\/\/perfectclinic.scrdesign.com\/de\/wp-json\/wp\/v2\/pages\/8185"}],"wp:attachment":[{"href":"https:\/\/perfectclinic.scrdesign.com\/de\/wp-json\/wp\/v2\/media?parent=8173"}],"wp:term":[{"taxonomy":"folder","embeddable":true,"href":"https:\/\/perfectclinic.scrdesign.com\/de\/wp-json\/wp\/v2\/folder?post=8173"}],"curies":[{"name":"wp","href":"https:\/\/api.w.org\/{rel}","templated":true}]}}