{"id":8188,"date":"2025-07-16T08:46:17","date_gmt":"2025-07-16T06:46:17","guid":{"rendered":"https:\/\/perfectclinic.scrdesign.com\/perfekte-klinik-prag\/"},"modified":"2026-04-16T11:35:15","modified_gmt":"2026-04-16T09:35:15","slug":"perfekte-klinik-prag","status":"publish","type":"page","link":"https:\/\/perfectclinic.scrdesign.com\/de\/kliniken\/perfekte-klinik-prag\/","title":{"rendered":"Perfect Clinic \u00b7 Prag"},"content":{"rendered":"","protected":false},"excerpt":{"rendered":"","protected":false},"author":1,"featured_media":0,"parent":8317,"menu_order":0,"comment_status":"closed","ping_status":"closed","template":"single-clinic.php","meta":{"_acf_changed":false,"inline_featured_image":false,"footnotes":""},"folder":[],"class_list":["post-8188","page","type-page","status-publish","hentry"],"acf":[],"yoast_head":"<!-- This site is optimized with the Yoast SEO plugin v27.4 - https:\/\/yoast.com\/product\/yoast-seo-wordpress\/ -->\n<title>Prag | Perfect Clinic<\/title>\n<meta name=\"description\" content=\"Die gr\u00f6\u00dfte Filiale der Perfect Clinic bietet erstklassige Einrichtungen f\u00fcr alle Arten von \u00e4sthetischen Eingriffen, eine diskrete Umgebung und die Betreuung durch ein Team renommierter Experten.\" \/>\n<meta name=\"robots\" content=\"noindex, follow, max-snippet:-1, max-image-preview:large, max-video-preview:-1\" \/>\n<meta property=\"og:locale\" content=\"de_DE\" \/>\n<meta property=\"og:type\" content=\"article\" \/>\n<meta property=\"og:title\" content=\"Prag | Perfect Clinic\" \/>\n<meta property=\"og:description\" content=\"Die gr\u00f6\u00dfte Filiale der Perfect Clinic bietet erstklassige Einrichtungen f\u00fcr alle Arten von \u00e4sthetischen Eingriffen, eine diskrete Umgebung und die Betreuung durch ein Team renommierter Experten.\" \/>\n<meta property=\"og:url\" content=\"https:\/\/perfectclinic.scrdesign.com\/de\/kliniken\/perfekte-klinik-prag\/\" \/>\n<meta property=\"og:site_name\" content=\"Perfect Clinik\" \/>\n<meta property=\"article:modified_time\" content=\"2026-04-16T09:35:15+00:00\" \/>\n<meta name=\"twitter:card\" content=\"summary_large_image\" \/>\n<script type=\"application\/ld+json\" class=\"yoast-schema-graph\">{\"@context\":\"https:\\\/\\\/schema.org\",\"@graph\":[{\"@type\":\"WebPage\",\"@id\":\"https:\\\/\\\/perfectclinic.scrdesign.com\\\/de\\\/kliniken\\\/perfekte-klinik-prag\\\/\",\"url\":\"https:\\\/\\\/perfectclinic.scrdesign.com\\\/de\\\/kliniken\\\/perfekte-klinik-prag\\\/\",\"name\":\"Prag | Perfect Clinic\",\"isPartOf\":{\"@id\":\"https:\\\/\\\/perfectclinic.scrdesign.com\\\/de\\\/#website\"},\"datePublished\":\"2025-07-16T06:46:17+00:00\",\"dateModified\":\"2026-04-16T09:35:15+00:00\",\"description\":\"Die gr\u00f6\u00dfte Filiale der Perfect Clinic bietet erstklassige Einrichtungen f\u00fcr alle Arten von \u00e4sthetischen Eingriffen, eine diskrete Umgebung und die Betreuung durch ein Team renommierter Experten.\",\"breadcrumb\":{\"@id\":\"https:\\\/\\\/perfectclinic.scrdesign.com\\\/de\\\/kliniken\\\/perfekte-klinik-prag\\\/#breadcrumb\"},\"inLanguage\":\"de\",\"potentialAction\":[{\"@type\":\"ReadAction\",\"target\":[\"https:\\\/\\\/perfectclinic.scrdesign.com\\\/de\\\/kliniken\\\/perfekte-klinik-prag\\\/\"]}]},{\"@type\":\"BreadcrumbList\",\"@id\":\"https:\\\/\\\/perfectclinic.scrdesign.com\\\/de\\\/kliniken\\\/perfekte-klinik-prag\\\/#breadcrumb\",\"itemListElement\":[{\"@type\":\"ListItem\",\"position\":1,\"name\":\"Dom\u016f\",\"item\":\"https:\\\/\\\/perfectclinic.scrdesign.com\\\/de\\\/perfect-clinic-schoenheit-ist-eine-kunst-sie-sind-die-inspiration\\\/\"},{\"@type\":\"ListItem\",\"position\":2,\"name\":\"Kliniken\",\"item\":\"https:\\\/\\\/perfectclinic.scrdesign.com\\\/de\\\/kliniken\\\/\"},{\"@type\":\"ListItem\",\"position\":3,\"name\":\"Perfect Clinic \u00b7 Prag\"}]},{\"@type\":\"WebSite\",\"@id\":\"https:\\\/\\\/perfectclinic.scrdesign.com\\\/de\\\/#website\",\"url\":\"https:\\\/\\\/perfectclinic.scrdesign.com\\\/de\\\/\",\"name\":\"Perfect Clinik\",\"description\":\"\",\"potentialAction\":[{\"@type\":\"SearchAction\",\"target\":{\"@type\":\"EntryPoint\",\"urlTemplate\":\"https:\\\/\\\/perfectclinic.scrdesign.com\\\/de\\\/?s={search_term_string}\"},\"query-input\":{\"@type\":\"PropertyValueSpecification\",\"valueRequired\":true,\"valueName\":\"search_term_string\"}}],\"inLanguage\":\"de\"}]}<\/script>\n<!-- \/ Yoast SEO plugin. -->","yoast_head_json":{"title":"Prag | Perfect Clinic","description":"Die gr\u00f6\u00dfte Filiale der Perfect Clinic bietet erstklassige Einrichtungen f\u00fcr alle Arten von \u00e4sthetischen Eingriffen, eine diskrete Umgebung und die Betreuung durch ein Team renommierter Experten.","robots":{"index":"noindex","follow":"follow","max-snippet":"max-snippet:-1","max-image-preview":"max-image-preview:large","max-video-preview":"max-video-preview:-1"},"og_locale":"de_DE","og_type":"article","og_title":"Prag | Perfect Clinic","og_description":"Die gr\u00f6\u00dfte Filiale der Perfect Clinic bietet erstklassige Einrichtungen f\u00fcr alle Arten von \u00e4sthetischen Eingriffen, eine diskrete Umgebung und die Betreuung durch ein Team renommierter Experten.","og_url":"https:\/\/perfectclinic.scrdesign.com\/de\/kliniken\/perfekte-klinik-prag\/","og_site_name":"Perfect Clinik","article_modified_time":"2026-04-16T09:35:15+00:00","twitter_card":"summary_large_image","schema":{"@context":"https:\/\/schema.org","@graph":[{"@type":"WebPage","@id":"https:\/\/perfectclinic.scrdesign.com\/de\/kliniken\/perfekte-klinik-prag\/","url":"https:\/\/perfectclinic.scrdesign.com\/de\/kliniken\/perfekte-klinik-prag\/","name":"Prag | Perfect Clinic","isPartOf":{"@id":"https:\/\/perfectclinic.scrdesign.com\/de\/#website"},"datePublished":"2025-07-16T06:46:17+00:00","dateModified":"2026-04-16T09:35:15+00:00","description":"Die gr\u00f6\u00dfte Filiale der Perfect Clinic bietet erstklassige Einrichtungen f\u00fcr alle Arten von \u00e4sthetischen Eingriffen, eine diskrete Umgebung und die Betreuung durch ein Team renommierter Experten.","breadcrumb":{"@id":"https:\/\/perfectclinic.scrdesign.com\/de\/kliniken\/perfekte-klinik-prag\/#breadcrumb"},"inLanguage":"de","potentialAction":[{"@type":"ReadAction","target":["https:\/\/perfectclinic.scrdesign.com\/de\/kliniken\/perfekte-klinik-prag\/"]}]},{"@type":"BreadcrumbList","@id":"https:\/\/perfectclinic.scrdesign.com\/de\/kliniken\/perfekte-klinik-prag\/#breadcrumb","itemListElement":[{"@type":"ListItem","position":1,"name":"Dom\u016f","item":"https:\/\/perfectclinic.scrdesign.com\/de\/perfect-clinic-schoenheit-ist-eine-kunst-sie-sind-die-inspiration\/"},{"@type":"ListItem","position":2,"name":"Kliniken","item":"https:\/\/perfectclinic.scrdesign.com\/de\/kliniken\/"},{"@type":"ListItem","position":3,"name":"Perfect Clinic \u00b7 Prag"}]},{"@type":"WebSite","@id":"https:\/\/perfectclinic.scrdesign.com\/de\/#website","url":"https:\/\/perfectclinic.scrdesign.com\/de\/","name":"Perfect Clinik","description":"","potentialAction":[{"@type":"SearchAction","target":{"@type":"EntryPoint","urlTemplate":"https:\/\/perfectclinic.scrdesign.com\/de\/?s={search_term_string}"},"query-input":{"@type":"PropertyValueSpecification","valueRequired":true,"valueName":"search_term_string"}}],"inLanguage":"de"}]}},"_links":{"self":[{"href":"https:\/\/perfectclinic.scrdesign.com\/de\/wp-json\/wp\/v2\/pages\/8188","targetHints":{"allow":["GET"]}}],"collection":[{"href":"https:\/\/perfectclinic.scrdesign.com\/de\/wp-json\/wp\/v2\/pages"}],"about":[{"href":"https:\/\/perfectclinic.scrdesign.com\/de\/wp-json\/wp\/v2\/types\/page"}],"author":[{"embeddable":true,"href":"https:\/\/perfectclinic.scrdesign.com\/de\/wp-json\/wp\/v2\/users\/1"}],"replies":[{"embeddable":true,"href":"https:\/\/perfectclinic.scrdesign.com\/de\/wp-json\/wp\/v2\/comments?post=8188"}],"version-history":[{"count":3,"href":"https:\/\/perfectclinic.scrdesign.com\/de\/wp-json\/wp\/v2\/pages\/8188\/revisions"}],"predecessor-version":[{"id":8599,"href":"https:\/\/perfectclinic.scrdesign.com\/de\/wp-json\/wp\/v2\/pages\/8188\/revisions\/8599"}],"up":[{"embeddable":true,"href":"https:\/\/perfectclinic.scrdesign.com\/de\/wp-json\/wp\/v2\/pages\/8317"}],"wp:attachment":[{"href":"https:\/\/perfectclinic.scrdesign.com\/de\/wp-json\/wp\/v2\/media?parent=8188"}],"wp:term":[{"taxonomy":"folder","embeddable":true,"href":"https:\/\/perfectclinic.scrdesign.com\/de\/wp-json\/wp\/v2\/folder?post=8188"}],"curies":[{"name":"wp","href":"https:\/\/api.w.org\/{rel}","templated":true}]}}