{"id":8263,"date":"2025-07-14T14:32:53","date_gmt":"2025-07-14T12:32:53","guid":{"rendered":"https:\/\/perfectclinic.scrdesign.com\/perfekte-klinik-bruenn\/"},"modified":"2026-04-16T11:32:48","modified_gmt":"2026-04-16T09:32:48","slug":"perfect-clinic-bruenn","status":"publish","type":"page","link":"https:\/\/perfectclinic.scrdesign.com\/de\/kliniken\/perfect-clinic-bruenn\/","title":{"rendered":"Perfect Clinic \u2022 Br\u00fcnn"},"content":{"rendered":"","protected":false},"excerpt":{"rendered":"","protected":false},"author":1,"featured_media":0,"parent":8317,"menu_order":0,"comment_status":"closed","ping_status":"closed","template":"single-clinic.php","meta":{"_acf_changed":false,"inline_featured_image":false,"footnotes":""},"folder":[],"class_list":["post-8263","page","type-page","status-publish","hentry"],"acf":[],"yoast_head":"<!-- This site is optimized with the Yoast SEO plugin v27.4 - https:\/\/yoast.com\/product\/yoast-seo-wordpress\/ -->\n<title>Br\u00fcnn | Perfect Clinic<\/title>\n<meta name=\"description\" content=\"Die Br\u00fcnner Niederlassung der Perfect Clinic bringt \u00e4sthetische Medizin auf h\u00f6chstem Niveau in das Herz von M\u00e4hren. Sch\u00f6nheit ist Kunst, Sie sind die Inspiration.\" \/>\n<meta name=\"robots\" content=\"noindex, follow, max-snippet:-1, max-image-preview:large, max-video-preview:-1\" \/>\n<meta property=\"og:locale\" content=\"de_DE\" \/>\n<meta property=\"og:type\" content=\"article\" \/>\n<meta property=\"og:title\" content=\"Br\u00fcnn | Perfect Clinic\" \/>\n<meta property=\"og:description\" content=\"Die Br\u00fcnner Niederlassung der Perfect Clinic bringt \u00e4sthetische Medizin auf h\u00f6chstem Niveau in das Herz von M\u00e4hren. Sch\u00f6nheit ist Kunst, Sie sind die Inspiration.\" \/>\n<meta property=\"og:url\" content=\"https:\/\/perfectclinic.scrdesign.com\/de\/kliniken\/perfect-clinic-bruenn\/\" \/>\n<meta property=\"og:site_name\" content=\"Perfect Clinik\" \/>\n<meta property=\"article:modified_time\" content=\"2026-04-16T09:32:48+00:00\" \/>\n<meta name=\"twitter:card\" content=\"summary_large_image\" \/>\n<script type=\"application\/ld+json\" class=\"yoast-schema-graph\">{\"@context\":\"https:\\\/\\\/schema.org\",\"@graph\":[{\"@type\":\"WebPage\",\"@id\":\"https:\\\/\\\/perfectclinic.scrdesign.com\\\/de\\\/kliniken\\\/perfect-clinic-bruenn\\\/\",\"url\":\"https:\\\/\\\/perfectclinic.scrdesign.com\\\/de\\\/kliniken\\\/perfect-clinic-bruenn\\\/\",\"name\":\"Br\u00fcnn | Perfect Clinic\",\"isPartOf\":{\"@id\":\"https:\\\/\\\/perfectclinic.scrdesign.com\\\/de\\\/#website\"},\"datePublished\":\"2025-07-14T12:32:53+00:00\",\"dateModified\":\"2026-04-16T09:32:48+00:00\",\"description\":\"Die Br\u00fcnner Niederlassung der Perfect Clinic bringt \u00e4sthetische Medizin auf h\u00f6chstem Niveau in das Herz von M\u00e4hren. Sch\u00f6nheit ist Kunst, Sie sind die Inspiration.\",\"breadcrumb\":{\"@id\":\"https:\\\/\\\/perfectclinic.scrdesign.com\\\/de\\\/kliniken\\\/perfect-clinic-bruenn\\\/#breadcrumb\"},\"inLanguage\":\"de\",\"potentialAction\":[{\"@type\":\"ReadAction\",\"target\":[\"https:\\\/\\\/perfectclinic.scrdesign.com\\\/de\\\/kliniken\\\/perfect-clinic-bruenn\\\/\"]}]},{\"@type\":\"BreadcrumbList\",\"@id\":\"https:\\\/\\\/perfectclinic.scrdesign.com\\\/de\\\/kliniken\\\/perfect-clinic-bruenn\\\/#breadcrumb\",\"itemListElement\":[{\"@type\":\"ListItem\",\"position\":1,\"name\":\"Dom\u016f\",\"item\":\"https:\\\/\\\/perfectclinic.scrdesign.com\\\/de\\\/perfect-clinic-schoenheit-ist-eine-kunst-sie-sind-die-inspiration\\\/\"},{\"@type\":\"ListItem\",\"position\":2,\"name\":\"Kliniken\",\"item\":\"https:\\\/\\\/perfectclinic.scrdesign.com\\\/de\\\/kliniken\\\/\"},{\"@type\":\"ListItem\",\"position\":3,\"name\":\"Perfect Clinic \u2022 Br\u00fcnn\"}]},{\"@type\":\"WebSite\",\"@id\":\"https:\\\/\\\/perfectclinic.scrdesign.com\\\/de\\\/#website\",\"url\":\"https:\\\/\\\/perfectclinic.scrdesign.com\\\/de\\\/\",\"name\":\"Perfect Clinik\",\"description\":\"\",\"potentialAction\":[{\"@type\":\"SearchAction\",\"target\":{\"@type\":\"EntryPoint\",\"urlTemplate\":\"https:\\\/\\\/perfectclinic.scrdesign.com\\\/de\\\/?s={search_term_string}\"},\"query-input\":{\"@type\":\"PropertyValueSpecification\",\"valueRequired\":true,\"valueName\":\"search_term_string\"}}],\"inLanguage\":\"de\"}]}<\/script>\n<!-- \/ Yoast SEO plugin. -->","yoast_head_json":{"title":"Br\u00fcnn | Perfect Clinic","description":"Die Br\u00fcnner Niederlassung der Perfect Clinic bringt \u00e4sthetische Medizin auf h\u00f6chstem Niveau in das Herz von M\u00e4hren. Sch\u00f6nheit ist Kunst, Sie sind die Inspiration.","robots":{"index":"noindex","follow":"follow","max-snippet":"max-snippet:-1","max-image-preview":"max-image-preview:large","max-video-preview":"max-video-preview:-1"},"og_locale":"de_DE","og_type":"article","og_title":"Br\u00fcnn | Perfect Clinic","og_description":"Die Br\u00fcnner Niederlassung der Perfect Clinic bringt \u00e4sthetische Medizin auf h\u00f6chstem Niveau in das Herz von M\u00e4hren. Sch\u00f6nheit ist Kunst, Sie sind die Inspiration.","og_url":"https:\/\/perfectclinic.scrdesign.com\/de\/kliniken\/perfect-clinic-bruenn\/","og_site_name":"Perfect Clinik","article_modified_time":"2026-04-16T09:32:48+00:00","twitter_card":"summary_large_image","schema":{"@context":"https:\/\/schema.org","@graph":[{"@type":"WebPage","@id":"https:\/\/perfectclinic.scrdesign.com\/de\/kliniken\/perfect-clinic-bruenn\/","url":"https:\/\/perfectclinic.scrdesign.com\/de\/kliniken\/perfect-clinic-bruenn\/","name":"Br\u00fcnn | Perfect Clinic","isPartOf":{"@id":"https:\/\/perfectclinic.scrdesign.com\/de\/#website"},"datePublished":"2025-07-14T12:32:53+00:00","dateModified":"2026-04-16T09:32:48+00:00","description":"Die Br\u00fcnner Niederlassung der Perfect Clinic bringt \u00e4sthetische Medizin auf h\u00f6chstem Niveau in das Herz von M\u00e4hren. Sch\u00f6nheit ist Kunst, Sie sind die Inspiration.","breadcrumb":{"@id":"https:\/\/perfectclinic.scrdesign.com\/de\/kliniken\/perfect-clinic-bruenn\/#breadcrumb"},"inLanguage":"de","potentialAction":[{"@type":"ReadAction","target":["https:\/\/perfectclinic.scrdesign.com\/de\/kliniken\/perfect-clinic-bruenn\/"]}]},{"@type":"BreadcrumbList","@id":"https:\/\/perfectclinic.scrdesign.com\/de\/kliniken\/perfect-clinic-bruenn\/#breadcrumb","itemListElement":[{"@type":"ListItem","position":1,"name":"Dom\u016f","item":"https:\/\/perfectclinic.scrdesign.com\/de\/perfect-clinic-schoenheit-ist-eine-kunst-sie-sind-die-inspiration\/"},{"@type":"ListItem","position":2,"name":"Kliniken","item":"https:\/\/perfectclinic.scrdesign.com\/de\/kliniken\/"},{"@type":"ListItem","position":3,"name":"Perfect Clinic \u2022 Br\u00fcnn"}]},{"@type":"WebSite","@id":"https:\/\/perfectclinic.scrdesign.com\/de\/#website","url":"https:\/\/perfectclinic.scrdesign.com\/de\/","name":"Perfect Clinik","description":"","potentialAction":[{"@type":"SearchAction","target":{"@type":"EntryPoint","urlTemplate":"https:\/\/perfectclinic.scrdesign.com\/de\/?s={search_term_string}"},"query-input":{"@type":"PropertyValueSpecification","valueRequired":true,"valueName":"search_term_string"}}],"inLanguage":"de"}]}},"_links":{"self":[{"href":"https:\/\/perfectclinic.scrdesign.com\/de\/wp-json\/wp\/v2\/pages\/8263","targetHints":{"allow":["GET"]}}],"collection":[{"href":"https:\/\/perfectclinic.scrdesign.com\/de\/wp-json\/wp\/v2\/pages"}],"about":[{"href":"https:\/\/perfectclinic.scrdesign.com\/de\/wp-json\/wp\/v2\/types\/page"}],"author":[{"embeddable":true,"href":"https:\/\/perfectclinic.scrdesign.com\/de\/wp-json\/wp\/v2\/users\/1"}],"replies":[{"embeddable":true,"href":"https:\/\/perfectclinic.scrdesign.com\/de\/wp-json\/wp\/v2\/comments?post=8263"}],"version-history":[{"count":4,"href":"https:\/\/perfectclinic.scrdesign.com\/de\/wp-json\/wp\/v2\/pages\/8263\/revisions"}],"predecessor-version":[{"id":8866,"href":"https:\/\/perfectclinic.scrdesign.com\/de\/wp-json\/wp\/v2\/pages\/8263\/revisions\/8866"}],"up":[{"embeddable":true,"href":"https:\/\/perfectclinic.scrdesign.com\/de\/wp-json\/wp\/v2\/pages\/8317"}],"wp:attachment":[{"href":"https:\/\/perfectclinic.scrdesign.com\/de\/wp-json\/wp\/v2\/media?parent=8263"}],"wp:term":[{"taxonomy":"folder","embeddable":true,"href":"https:\/\/perfectclinic.scrdesign.com\/de\/wp-json\/wp\/v2\/folder?post=8263"}],"curies":[{"name":"wp","href":"https:\/\/api.w.org\/{rel}","templated":true}]}}