{"id":8317,"date":"2025-07-14T11:02:04","date_gmt":"2025-07-14T09:02:04","guid":{"rendered":"https:\/\/perfectclinic.scrdesign.com\/kliniken\/"},"modified":"2026-04-16T12:18:54","modified_gmt":"2026-04-16T10:18:54","slug":"kliniken","status":"publish","type":"page","link":"https:\/\/perfectclinic.scrdesign.com\/de\/kliniken\/","title":{"rendered":"Kliniken"},"content":{"rendered":"","protected":false},"excerpt":{"rendered":"","protected":false},"author":1,"featured_media":0,"parent":0,"menu_order":0,"comment_status":"closed","ping_status":"closed","template":"","meta":{"_acf_changed":false,"inline_featured_image":false,"footnotes":""},"folder":[],"class_list":["post-8317","page","type-page","status-publish","hentry"],"acf":[],"yoast_head":"<!-- This site is optimized with the Yoast SEO plugin v27.4 - https:\/\/yoast.com\/product\/yoast-seo-wordpress\/ -->\n<title>\u00dcber uns | Perfect Clinic<\/title>\n<meta name=\"description\" content=\"Perfect Clinic ist eine f\u00fchrende tschechische Klinik f\u00fcr \u00e4sthetische Medizin, die \u00c4sthetik als Kunst versteht.\" \/>\n<meta name=\"robots\" content=\"noindex, follow, max-snippet:-1, max-image-preview:large, max-video-preview:-1\" \/>\n<meta property=\"og:locale\" content=\"de_DE\" \/>\n<meta property=\"og:type\" content=\"article\" \/>\n<meta property=\"og:title\" content=\"\u00dcber uns | Perfect Clinic\" \/>\n<meta property=\"og:description\" content=\"Perfect Clinic ist eine f\u00fchrende tschechische Klinik f\u00fcr \u00e4sthetische Medizin, die \u00c4sthetik als Kunst versteht.\" \/>\n<meta property=\"og:url\" content=\"https:\/\/perfectclinic.scrdesign.com\/de\/kliniken\/\" \/>\n<meta property=\"og:site_name\" content=\"Perfect Clinik\" \/>\n<meta property=\"article:modified_time\" content=\"2026-04-16T10:18:54+00:00\" \/>\n<meta name=\"twitter:card\" content=\"summary_large_image\" \/>\n<script type=\"application\/ld+json\" class=\"yoast-schema-graph\">{\"@context\":\"https:\\\/\\\/schema.org\",\"@graph\":[{\"@type\":\"WebPage\",\"@id\":\"https:\\\/\\\/perfectclinic.scrdesign.com\\\/de\\\/kliniken\\\/\",\"url\":\"https:\\\/\\\/perfectclinic.scrdesign.com\\\/de\\\/kliniken\\\/\",\"name\":\"\u00dcber uns | Perfect Clinic\",\"isPartOf\":{\"@id\":\"https:\\\/\\\/perfectclinic.scrdesign.com\\\/de\\\/#website\"},\"datePublished\":\"2025-07-14T09:02:04+00:00\",\"dateModified\":\"2026-04-16T10:18:54+00:00\",\"description\":\"Perfect Clinic ist eine f\u00fchrende tschechische Klinik f\u00fcr \u00e4sthetische Medizin, die \u00c4sthetik als Kunst versteht.\",\"breadcrumb\":{\"@id\":\"https:\\\/\\\/perfectclinic.scrdesign.com\\\/de\\\/kliniken\\\/#breadcrumb\"},\"inLanguage\":\"de\",\"potentialAction\":[{\"@type\":\"ReadAction\",\"target\":[\"https:\\\/\\\/perfectclinic.scrdesign.com\\\/de\\\/kliniken\\\/\"]}]},{\"@type\":\"BreadcrumbList\",\"@id\":\"https:\\\/\\\/perfectclinic.scrdesign.com\\\/de\\\/kliniken\\\/#breadcrumb\",\"itemListElement\":[{\"@type\":\"ListItem\",\"position\":1,\"name\":\"Dom\u016f\",\"item\":\"https:\\\/\\\/perfectclinic.scrdesign.com\\\/de\\\/perfect-clinic-schoenheit-ist-eine-kunst-sie-sind-die-inspiration\\\/\"},{\"@type\":\"ListItem\",\"position\":2,\"name\":\"Kliniken\"}]},{\"@type\":\"WebSite\",\"@id\":\"https:\\\/\\\/perfectclinic.scrdesign.com\\\/de\\\/#website\",\"url\":\"https:\\\/\\\/perfectclinic.scrdesign.com\\\/de\\\/\",\"name\":\"Perfect Clinik\",\"description\":\"\",\"potentialAction\":[{\"@type\":\"SearchAction\",\"target\":{\"@type\":\"EntryPoint\",\"urlTemplate\":\"https:\\\/\\\/perfectclinic.scrdesign.com\\\/de\\\/?s={search_term_string}\"},\"query-input\":{\"@type\":\"PropertyValueSpecification\",\"valueRequired\":true,\"valueName\":\"search_term_string\"}}],\"inLanguage\":\"de\"}]}<\/script>\n<!-- \/ Yoast SEO plugin. -->","yoast_head_json":{"title":"\u00dcber uns | Perfect Clinic","description":"Perfect Clinic ist eine f\u00fchrende tschechische Klinik f\u00fcr \u00e4sthetische Medizin, die \u00c4sthetik als Kunst versteht.","robots":{"index":"noindex","follow":"follow","max-snippet":"max-snippet:-1","max-image-preview":"max-image-preview:large","max-video-preview":"max-video-preview:-1"},"og_locale":"de_DE","og_type":"article","og_title":"\u00dcber uns | Perfect Clinic","og_description":"Perfect Clinic ist eine f\u00fchrende tschechische Klinik f\u00fcr \u00e4sthetische Medizin, die \u00c4sthetik als Kunst versteht.","og_url":"https:\/\/perfectclinic.scrdesign.com\/de\/kliniken\/","og_site_name":"Perfect Clinik","article_modified_time":"2026-04-16T10:18:54+00:00","twitter_card":"summary_large_image","schema":{"@context":"https:\/\/schema.org","@graph":[{"@type":"WebPage","@id":"https:\/\/perfectclinic.scrdesign.com\/de\/kliniken\/","url":"https:\/\/perfectclinic.scrdesign.com\/de\/kliniken\/","name":"\u00dcber uns | Perfect Clinic","isPartOf":{"@id":"https:\/\/perfectclinic.scrdesign.com\/de\/#website"},"datePublished":"2025-07-14T09:02:04+00:00","dateModified":"2026-04-16T10:18:54+00:00","description":"Perfect Clinic ist eine f\u00fchrende tschechische Klinik f\u00fcr \u00e4sthetische Medizin, die \u00c4sthetik als Kunst versteht.","breadcrumb":{"@id":"https:\/\/perfectclinic.scrdesign.com\/de\/kliniken\/#breadcrumb"},"inLanguage":"de","potentialAction":[{"@type":"ReadAction","target":["https:\/\/perfectclinic.scrdesign.com\/de\/kliniken\/"]}]},{"@type":"BreadcrumbList","@id":"https:\/\/perfectclinic.scrdesign.com\/de\/kliniken\/#breadcrumb","itemListElement":[{"@type":"ListItem","position":1,"name":"Dom\u016f","item":"https:\/\/perfectclinic.scrdesign.com\/de\/perfect-clinic-schoenheit-ist-eine-kunst-sie-sind-die-inspiration\/"},{"@type":"ListItem","position":2,"name":"Kliniken"}]},{"@type":"WebSite","@id":"https:\/\/perfectclinic.scrdesign.com\/de\/#website","url":"https:\/\/perfectclinic.scrdesign.com\/de\/","name":"Perfect Clinik","description":"","potentialAction":[{"@type":"SearchAction","target":{"@type":"EntryPoint","urlTemplate":"https:\/\/perfectclinic.scrdesign.com\/de\/?s={search_term_string}"},"query-input":{"@type":"PropertyValueSpecification","valueRequired":true,"valueName":"search_term_string"}}],"inLanguage":"de"}]}},"_links":{"self":[{"href":"https:\/\/perfectclinic.scrdesign.com\/de\/wp-json\/wp\/v2\/pages\/8317","targetHints":{"allow":["GET"]}}],"collection":[{"href":"https:\/\/perfectclinic.scrdesign.com\/de\/wp-json\/wp\/v2\/pages"}],"about":[{"href":"https:\/\/perfectclinic.scrdesign.com\/de\/wp-json\/wp\/v2\/types\/page"}],"author":[{"embeddable":true,"href":"https:\/\/perfectclinic.scrdesign.com\/de\/wp-json\/wp\/v2\/users\/1"}],"replies":[{"embeddable":true,"href":"https:\/\/perfectclinic.scrdesign.com\/de\/wp-json\/wp\/v2\/comments?post=8317"}],"version-history":[{"count":1,"href":"https:\/\/perfectclinic.scrdesign.com\/de\/wp-json\/wp\/v2\/pages\/8317\/revisions"}],"predecessor-version":[{"id":8868,"href":"https:\/\/perfectclinic.scrdesign.com\/de\/wp-json\/wp\/v2\/pages\/8317\/revisions\/8868"}],"wp:attachment":[{"href":"https:\/\/perfectclinic.scrdesign.com\/de\/wp-json\/wp\/v2\/media?parent=8317"}],"wp:term":[{"taxonomy":"folder","embeddable":true,"href":"https:\/\/perfectclinic.scrdesign.com\/de\/wp-json\/wp\/v2\/folder?post=8317"}],"curies":[{"name":"wp","href":"https:\/\/api.w.org\/{rel}","templated":true}]}}