{"id":8396,"date":"2025-07-24T14:15:06","date_gmt":"2025-07-24T12:15:06","guid":{"rendered":"https:\/\/perfectclinic.scrdesign.com\/informationen-fuer-kunden\/anweisungen-vor-dem-eingriff-unter-vollnarkose-und-analgosedierung\/"},"modified":"2026-03-04T10:31:04","modified_gmt":"2026-03-04T09:31:04","slug":"anweisungen-vor-dem-eingriff-unter-vollnarkose-und-analgosedierung","status":"publish","type":"page","link":"https:\/\/perfectclinic.scrdesign.com\/de\/informationen-fuer-kunden\/anweisungen-vor-dem-eingriff-unter-vollnarkose-und-analgosedierung\/","title":{"rendered":"Anweisungen vor dem Eingriff unter Vollnarkose und Analgosedierung"},"content":{"rendered":"<p>Pr\u00e4operative Untersuchung<br \/>\nBei der pr\u00e4operativen Untersuchung wird festgestellt, ob Ihr K\u00f6rper f\u00fcr die geplante Operation bereit ist und ob die Risiken minimiert sind.<\/p>\n<p>&nbsp;<\/p>\n<p><strong>Enth\u00e4lt in der Regel:<\/strong><\/p>\n<ul>\n<li>Ausf\u00fcllen des Gesundheitsfragebogens<\/li>\n<li>K\u00f6rperliche Untersuchung durch einen Arzt<\/li>\n<li>EKG<\/li>\n<li>Blutbild<\/li>\n<li>Urinanalyse<\/li>\n<li>R\u00f6ntgen der Lunge bei gesunden Patienten bis zum Alter von 60 Jahren, bei Patienten mit Lungenerkrankungen ist eine R\u00f6ntgenaufnahme der Lunge in allen Altersgruppen erforderlich<\/li>\n<li>Wenn der Patient von einem Facharzt behandelt wird (Pneumologe, Kardiologe, H\u00e4matologe, Endokrinologe, Diabetologe&#8230;.), ist es notwendig, den Bericht des behandelnden Arztes mit allen Empfehlungen vor der Vollnarkose mitzubringen.<\/li>\n<\/ul>\n<p>&nbsp;<\/p>\n    <div class=\"custom-warning-box\">\r\n        <h2>Hinweis :<\/h2>\r\n        <p><strong>Der Bericht muss ausdr\u00fccklich angeben, ob keine Einw\u00e4nde gegen eine Operation unter Vollnarkose bestehen. Patienten mit unvollst\u00e4ndiger Untersuchung k\u00f6nnen nicht operiert werden.<\/strong><\/p>\r\n    <\/div>\r\n    \n<p><strong>Diese Untersuchungen durch einen Allgemeinmediziner oder Internisten d\u00fcrfen nicht \u00e4lter als 14 Tage sein. Es ist m\u00f6glich, die Untersuchung direkt in unserer Klinik durchzuf\u00fchren. <\/strong><\/p>\n<p>Weitere Informationen Taste: proklik na&nbsp;Verfahren pr\u00e4operative Untersuchung (https:\/\/perfectclinic.scrdesign.com\/zakrok\/predoperacni-vysetreni\/)<\/p>\n<h2><\/h2>\n<h2>Medizinische Hindernisse f\u00fcr eine Operation<\/h2>\n<ul>\n<li>Die Operation kann nur bei gesunden Patienten durchgef\u00fchrt werden<\/li>\n<li>Die Patienten d\u00fcrfen keine Erk\u00e4ltung, keinen Husten, keinen eitrigen Ausschlag, keinen Herpes usw. haben.<\/li>\n<li>Nach einer fiebrigen Erkrankung ist eine 2-3 w\u00f6chige Rekonvaleszenz erforderlich<\/li>\n<li>Vier Wochen vor der Operation darf der Patient keine blutverd\u00fcnnenden Medikamente einnehmen, die z.B. Acetylsalicyls\u00e4ure enthalten (Acylpyrin, Superpyrin, Anopyrin)<\/li>\n<\/ul>\n<h2><\/h2>\n<h2>Was Sie zur Operation mitnehmen sollten<\/h2>\n<ul>\n<li>Ausgef\u00fcllte und unterschriebene Operationsunterlagen (diese haben Sie bei Ihrem pers\u00f6nlichen Beratungsgespr\u00e4ch erhalten)<\/li>\n<li>Interne pr\u00e4operative Untersuchung, falls Sie sich dieser nicht bei uns unterzogen haben<\/li>\n<li>Ultraschall- oder Mammographieergebnis (im Falle einer Brustoperation)<\/li>\n<li>Einfache Toilettenartikel, Hausschuhe<\/li>\n<li>T\u00e4gliche Medikamente, falls Sie sie einnehmen<\/li>\n<li>Personalausweis oder anderer Identit\u00e4tsnachweis<\/li>\n<li>Finanzieller Aufpreis f\u00fcr die Transaktion (wir bevorzugen die Zahlung per Karte &#8211; beachten Sie das Tageslimit; Barzahlung ist ebenfalls m\u00f6glich)<\/li>\n<\/ul>\n<h2><\/h2>\n<h2>Mahlzeiten und Vorbereitung vor dem Eingriff:<\/h2>\n<ul>\n<li>Kommen Sie mit leerem Magen &#8211; die letzte Mahlzeit sollte nicht sp\u00e4ter als Mitternacht vor der Operation erfolgen.<\/li>\n<li>Sie k\u00f6nnen am Morgen stilles Wasser trinken, bis Sie in der Klinik ankommen.<\/li>\n<li>Trinken Sie mindestens 6 Stunden vor dem Eingriff keinen Kaffee.<\/li>\n<li>Rauchen Sie mindestens 24 Stunden vor dem Eingriff nicht mehr.<\/li>\n<\/ul>\n<h2><\/h2>\n<h2>Andere wichtige Informationen<\/h2>\n<ul>\n<li>Ein Nagel an der linken Hand (Zeige- oder Mittelfinger) muss gelfrei und unlackiert sein<\/li>\n<li>Keine falschen Wimpern bei einem chirurgischen Eingriff unter Vollnarkose oder Analgosedierung<\/li>\n<li>Alle Piercings und Schmuckst\u00fccke m\u00fcssen entfernt werden, sonst kann die Operation nicht durchgef\u00fchrt werden<\/li>\n<\/ul>\n<h2><\/h2>\n<h2>Vorbereitung je nach Art des Eingriffs:<\/h2>\n<ul>\n<li>Brustchirurgie: rasierte Achselh\u00f6hlen<\/li>\n<li>Unterleibsoperationen: Rasierte Achselh\u00f6hlen, Schamhaare und Unterleib<\/li>\n<li>Fettabsaugung: vollst\u00e4ndig rasierte Bereiche, in denen der Eingriff durchgef\u00fchrt wird<\/li>\n<li>Gyn\u00e4komastie: rasierte Brust und Achselh\u00f6hlen<\/li>\n<li>Nasenchirurgie: Nasenhaare entfernt, M\u00e4nner haben auch ein glattrasiertes Gesicht<\/li>\n<li>Cremes und Deodorants: am Tag der Operation nicht auf den operierten Stellen verwenden<\/li>\n<\/ul>\n<p>&nbsp;<\/p>\n    <div class=\"custom-warning-box\">\r\n        <h2>Hinweis :<\/h2>\r\n        <p><strong>Wenn Sie blutverd\u00fcnnende Medikamente einnehmen, an einer schweren Erkrankung leiden, krank sind oder sich nicht wohl f\u00fchlen, kontaktieren Sie uns bitte umgehend.<\/strong><\/p>\r\n    <\/div>\r\n    \n<h2><\/h2>\n<h2>Entlassung nach der Operation:<\/h2>\n<ul>\n<li>Die Freilassung erfolgt am n\u00e4chsten Tag zwischen 8:00-9:00 Uhr.<\/li>\n<li>Im Falle einer Analgosedierung bei kurzen Eingriffen kann die Entlassung am Tag des Eingriffs erfolgen<\/li>\n<li>Stellen Sie sicher, dass Sie in Begleitung sind &#8211; wir raten davon ab, nach einer Operation Auto zu fahren.<\/li>\n<li>Geben Sie bei Ihrer Abreise das Datum der ersten Kontrolle gem\u00e4\u00df dem Entlassungsbericht an.<\/li>\n<\/ul>\n","protected":false},"excerpt":{"rendered":"<p>Pr\u00e4operative Untersuchung Bei der pr\u00e4operativen Untersuchung wird festgestellt, ob Ihr K\u00f6rper f\u00fcr die geplante Operation bereit ist und ob die Risiken minimiert sind. &nbsp; Enth\u00e4lt in der Regel: Ausf\u00fcllen des Gesundheitsfragebogens K\u00f6rperliche Untersuchung durch einen Arzt EKG Blutbild Urinanalyse R\u00f6ntgen der Lunge bei gesunden Patienten bis zum Alter von 60 Jahren, bei Patienten mit Lungenerkrankungen ist eine R\u00f6ntgenaufnahme der Lunge in allen Altersgruppen erforderlich Wenn der Patient von einem Facharzt behandelt wird (Pneumologe, Kardiologe, H\u00e4matologe, Endokrinologe, Diabetologe&#8230;.), ist es notwendig, den Bericht des behandelnden Arztes mit allen Empfehlungen vor der [&hellip;]<\/p>\n","protected":false},"author":1,"featured_media":0,"parent":8185,"menu_order":0,"comment_status":"closed","ping_status":"closed","template":"simple-page.php","meta":{"_acf_changed":false,"inline_featured_image":false,"footnotes":""},"folder":[],"class_list":["post-8396","page","type-page","status-publish","hentry"],"acf":[],"yoast_head":"<!-- This site is optimized with the Yoast SEO plugin v27.4 - https:\/\/yoast.com\/product\/yoast-seo-wordpress\/ -->\n<title>Anweisungen vor dem Eingriff unter Vollnarkose und Analgosedierung | Perfect Clinic<\/title>\n<meta name=\"robots\" content=\"noindex, follow, max-snippet:-1, max-image-preview:large, max-video-preview:-1\" \/>\n<meta property=\"og:locale\" content=\"de_DE\" \/>\n<meta property=\"og:type\" content=\"article\" \/>\n<meta property=\"og:title\" content=\"Anweisungen vor dem Eingriff unter Vollnarkose und Analgosedierung | Perfect Clinic\" \/>\n<meta property=\"og:description\" content=\"Pr\u00e4operative Untersuchung Bei der pr\u00e4operativen Untersuchung wird festgestellt, ob Ihr K\u00f6rper f\u00fcr die geplante Operation bereit ist und ob die Risiken minimiert sind. &nbsp; Enth\u00e4lt in der Regel: Ausf\u00fcllen des Gesundheitsfragebogens K\u00f6rperliche Untersuchung durch einen Arzt EKG Blutbild Urinanalyse R\u00f6ntgen der Lunge bei gesunden Patienten bis zum Alter von 60 Jahren, bei Patienten mit Lungenerkrankungen ist eine R\u00f6ntgenaufnahme der Lunge in allen Altersgruppen erforderlich Wenn der Patient von einem Facharzt behandelt wird (Pneumologe, Kardiologe, H\u00e4matologe, Endokrinologe, Diabetologe&#8230;.), ist es notwendig, den Bericht des behandelnden Arztes mit allen Empfehlungen vor der [&hellip;]\" \/>\n<meta property=\"og:url\" content=\"https:\/\/perfectclinic.scrdesign.com\/de\/informationen-fuer-kunden\/anweisungen-vor-dem-eingriff-unter-vollnarkose-und-analgosedierung\/\" \/>\n<meta property=\"og:site_name\" content=\"Perfect Clinik\" \/>\n<meta property=\"article:modified_time\" content=\"2026-03-04T09:31:04+00:00\" \/>\n<meta name=\"twitter:card\" content=\"summary_large_image\" \/>\n<meta name=\"twitter:label1\" content=\"Gesch\u00e4tzte Lesezeit\" \/>\n\t<meta name=\"twitter:data1\" content=\"3\u00a0Minuten\" \/>\n<script type=\"application\/ld+json\" class=\"yoast-schema-graph\">{\"@context\":\"https:\\\/\\\/schema.org\",\"@graph\":[{\"@type\":\"WebPage\",\"@id\":\"https:\\\/\\\/perfectclinic.scrdesign.com\\\/de\\\/informationen-fuer-kunden\\\/anweisungen-vor-dem-eingriff-unter-vollnarkose-und-analgosedierung\\\/\",\"url\":\"https:\\\/\\\/perfectclinic.scrdesign.com\\\/de\\\/informationen-fuer-kunden\\\/anweisungen-vor-dem-eingriff-unter-vollnarkose-und-analgosedierung\\\/\",\"name\":\"Anweisungen vor dem Eingriff unter Vollnarkose und Analgosedierung | Perfect Clinic\",\"isPartOf\":{\"@id\":\"https:\\\/\\\/perfectclinic.scrdesign.com\\\/de\\\/#website\"},\"datePublished\":\"2025-07-24T12:15:06+00:00\",\"dateModified\":\"2026-03-04T09:31:04+00:00\",\"breadcrumb\":{\"@id\":\"https:\\\/\\\/perfectclinic.scrdesign.com\\\/de\\\/informationen-fuer-kunden\\\/anweisungen-vor-dem-eingriff-unter-vollnarkose-und-analgosedierung\\\/#breadcrumb\"},\"inLanguage\":\"de\",\"potentialAction\":[{\"@type\":\"ReadAction\",\"target\":[\"https:\\\/\\\/perfectclinic.scrdesign.com\\\/de\\\/informationen-fuer-kunden\\\/anweisungen-vor-dem-eingriff-unter-vollnarkose-und-analgosedierung\\\/\"]}]},{\"@type\":\"BreadcrumbList\",\"@id\":\"https:\\\/\\\/perfectclinic.scrdesign.com\\\/de\\\/informationen-fuer-kunden\\\/anweisungen-vor-dem-eingriff-unter-vollnarkose-und-analgosedierung\\\/#breadcrumb\",\"itemListElement\":[{\"@type\":\"ListItem\",\"position\":1,\"name\":\"Dom\u016f\",\"item\":\"https:\\\/\\\/perfectclinic.scrdesign.com\\\/de\\\/perfect-clinic-schoenheit-ist-eine-kunst-sie-sind-die-inspiration\\\/\"},{\"@type\":\"ListItem\",\"position\":2,\"name\":\"Informationen f\u00fcr Kunden\",\"item\":\"https:\\\/\\\/perfectclinic.scrdesign.com\\\/de\\\/informationen-fuer-kunden\\\/\"},{\"@type\":\"ListItem\",\"position\":3,\"name\":\"Anweisungen vor dem Eingriff unter Vollnarkose und Analgosedierung\"}]},{\"@type\":\"WebSite\",\"@id\":\"https:\\\/\\\/perfectclinic.scrdesign.com\\\/de\\\/#website\",\"url\":\"https:\\\/\\\/perfectclinic.scrdesign.com\\\/de\\\/\",\"name\":\"Perfect Clinik\",\"description\":\"\",\"potentialAction\":[{\"@type\":\"SearchAction\",\"target\":{\"@type\":\"EntryPoint\",\"urlTemplate\":\"https:\\\/\\\/perfectclinic.scrdesign.com\\\/de\\\/?s={search_term_string}\"},\"query-input\":{\"@type\":\"PropertyValueSpecification\",\"valueRequired\":true,\"valueName\":\"search_term_string\"}}],\"inLanguage\":\"de\"}]}<\/script>\n<!-- \/ Yoast SEO plugin. -->","yoast_head_json":{"title":"Anweisungen vor dem Eingriff unter Vollnarkose und Analgosedierung | Perfect Clinic","robots":{"index":"noindex","follow":"follow","max-snippet":"max-snippet:-1","max-image-preview":"max-image-preview:large","max-video-preview":"max-video-preview:-1"},"og_locale":"de_DE","og_type":"article","og_title":"Anweisungen vor dem Eingriff unter Vollnarkose und Analgosedierung | Perfect Clinic","og_description":"Pr\u00e4operative Untersuchung Bei der pr\u00e4operativen Untersuchung wird festgestellt, ob Ihr K\u00f6rper f\u00fcr die geplante Operation bereit ist und ob die Risiken minimiert sind. &nbsp; Enth\u00e4lt in der Regel: Ausf\u00fcllen des Gesundheitsfragebogens K\u00f6rperliche Untersuchung durch einen Arzt EKG Blutbild Urinanalyse R\u00f6ntgen der Lunge bei gesunden Patienten bis zum Alter von 60 Jahren, bei Patienten mit Lungenerkrankungen ist eine R\u00f6ntgenaufnahme der Lunge in allen Altersgruppen erforderlich Wenn der Patient von einem Facharzt behandelt wird (Pneumologe, Kardiologe, H\u00e4matologe, Endokrinologe, Diabetologe&#8230;.), ist es notwendig, den Bericht des behandelnden Arztes mit allen Empfehlungen vor der [&hellip;]","og_url":"https:\/\/perfectclinic.scrdesign.com\/de\/informationen-fuer-kunden\/anweisungen-vor-dem-eingriff-unter-vollnarkose-und-analgosedierung\/","og_site_name":"Perfect Clinik","article_modified_time":"2026-03-04T09:31:04+00:00","twitter_card":"summary_large_image","twitter_misc":{"Gesch\u00e4tzte Lesezeit":"3\u00a0Minuten"},"schema":{"@context":"https:\/\/schema.org","@graph":[{"@type":"WebPage","@id":"https:\/\/perfectclinic.scrdesign.com\/de\/informationen-fuer-kunden\/anweisungen-vor-dem-eingriff-unter-vollnarkose-und-analgosedierung\/","url":"https:\/\/perfectclinic.scrdesign.com\/de\/informationen-fuer-kunden\/anweisungen-vor-dem-eingriff-unter-vollnarkose-und-analgosedierung\/","name":"Anweisungen vor dem Eingriff unter Vollnarkose und Analgosedierung | Perfect Clinic","isPartOf":{"@id":"https:\/\/perfectclinic.scrdesign.com\/de\/#website"},"datePublished":"2025-07-24T12:15:06+00:00","dateModified":"2026-03-04T09:31:04+00:00","breadcrumb":{"@id":"https:\/\/perfectclinic.scrdesign.com\/de\/informationen-fuer-kunden\/anweisungen-vor-dem-eingriff-unter-vollnarkose-und-analgosedierung\/#breadcrumb"},"inLanguage":"de","potentialAction":[{"@type":"ReadAction","target":["https:\/\/perfectclinic.scrdesign.com\/de\/informationen-fuer-kunden\/anweisungen-vor-dem-eingriff-unter-vollnarkose-und-analgosedierung\/"]}]},{"@type":"BreadcrumbList","@id":"https:\/\/perfectclinic.scrdesign.com\/de\/informationen-fuer-kunden\/anweisungen-vor-dem-eingriff-unter-vollnarkose-und-analgosedierung\/#breadcrumb","itemListElement":[{"@type":"ListItem","position":1,"name":"Dom\u016f","item":"https:\/\/perfectclinic.scrdesign.com\/de\/perfect-clinic-schoenheit-ist-eine-kunst-sie-sind-die-inspiration\/"},{"@type":"ListItem","position":2,"name":"Informationen f\u00fcr Kunden","item":"https:\/\/perfectclinic.scrdesign.com\/de\/informationen-fuer-kunden\/"},{"@type":"ListItem","position":3,"name":"Anweisungen vor dem Eingriff unter Vollnarkose und Analgosedierung"}]},{"@type":"WebSite","@id":"https:\/\/perfectclinic.scrdesign.com\/de\/#website","url":"https:\/\/perfectclinic.scrdesign.com\/de\/","name":"Perfect Clinik","description":"","potentialAction":[{"@type":"SearchAction","target":{"@type":"EntryPoint","urlTemplate":"https:\/\/perfectclinic.scrdesign.com\/de\/?s={search_term_string}"},"query-input":{"@type":"PropertyValueSpecification","valueRequired":true,"valueName":"search_term_string"}}],"inLanguage":"de"}]}},"_links":{"self":[{"href":"https:\/\/perfectclinic.scrdesign.com\/de\/wp-json\/wp\/v2\/pages\/8396","targetHints":{"allow":["GET"]}}],"collection":[{"href":"https:\/\/perfectclinic.scrdesign.com\/de\/wp-json\/wp\/v2\/pages"}],"about":[{"href":"https:\/\/perfectclinic.scrdesign.com\/de\/wp-json\/wp\/v2\/types\/page"}],"author":[{"embeddable":true,"href":"https:\/\/perfectclinic.scrdesign.com\/de\/wp-json\/wp\/v2\/users\/1"}],"replies":[{"embeddable":true,"href":"https:\/\/perfectclinic.scrdesign.com\/de\/wp-json\/wp\/v2\/comments?post=8396"}],"version-history":[{"count":3,"href":"https:\/\/perfectclinic.scrdesign.com\/de\/wp-json\/wp\/v2\/pages\/8396\/revisions"}],"predecessor-version":[{"id":8402,"href":"https:\/\/perfectclinic.scrdesign.com\/de\/wp-json\/wp\/v2\/pages\/8396\/revisions\/8402"}],"up":[{"embeddable":true,"href":"https:\/\/perfectclinic.scrdesign.com\/de\/wp-json\/wp\/v2\/pages\/8185"}],"wp:attachment":[{"href":"https:\/\/perfectclinic.scrdesign.com\/de\/wp-json\/wp\/v2\/media?parent=8396"}],"wp:term":[{"taxonomy":"folder","embeddable":true,"href":"https:\/\/perfectclinic.scrdesign.com\/de\/wp-json\/wp\/v2\/folder?post=8396"}],"curies":[{"name":"wp","href":"https:\/\/api.w.org\/{rel}","templated":true}]}}