{"id":8170,"date":"2025-09-17T09:56:14","date_gmt":"2025-09-17T07:56:14","guid":{"rendered":"https:\/\/perfectclinic.scrdesign.com\/regulamin-wewnetrzny-perfect-clinic\/"},"modified":"2026-03-04T10:16:22","modified_gmt":"2026-03-04T09:16:22","slug":"regulamin-wewnetrzny-perfect-clinic","status":"publish","type":"page","link":"https:\/\/perfectclinic.scrdesign.com\/pl\/informacje-dla-klientow\/regulamin-wewnetrzny-perfect-clinic\/","title":{"rendered":"Regulamin wewn\u0119trzny Perfect Clinic"},"content":{"rendered":"<p>Drogi Kliencie,<\/p>\n<p>Do\u0142o\u017cymy wszelkich stara\u0144, aby zapewni\u0107 Ci najlepsz\u0105 profesjonaln\u0105 opiek\u0119 i&nbsp;wsp\u00f3lnie do\u0142o\u017cymy wszelkich stara\u0144, aby zapewni\u0107 Ci optymalne zdrowie oraz dobre samopoczucie fizyczne i&nbsp;psychiczne.<\/p>\n<h4><strong>Informacje na&nbsp;temat procedury przyj\u0119cia i&nbsp;przebiegu Perfect Clinic<\/strong><\/h4>\n<ol>\n<li>Po&nbsp;przybyciu do Perfect Clinic nale\u017cy zameldowa\u0107 si\u0119 w recepcji i&nbsp;poda\u0107 pow\u00f3d wizyty.<\/li>\n<li>W przypadku hospitalizacji piel\u0119gniarka przyjdzie z&nbsp;oddzia\u0142u szpitalnego i&nbsp;zaprowadzi pacjenta do pokoju. Zapozna Ci\u0119 z&nbsp;funkcjonowaniem i&nbsp;wyposa\u017ceniem oddzia\u0142u oraz procedur\u0105 przed zabiegiem.<\/li>\n<li>Rzeczy osobiste nale\u017cy umie\u015bci\u0107 na&nbsp;stoliku nocnym, a&nbsp;ubrania i&nbsp;inne przedmioty w zamykanej szafie.<\/li>\n<li>Zostaniesz odwiedzony przez anestezjologa, kt\u00f3ry skonsultuje ankiet\u0119 anestezjologiczn\u0105 i&nbsp;zaproponuje optymaln\u0105 metod\u0119 znieczulenia podczas zabiegu. We w\u0142asnym interesie nale\u017cy poinformowa\u0107 lekarza o&nbsp;wszelkich przyjmowanych lekach.<\/li>\n<li>Leczenie b\u0119dzie prowadzone przez lekarza prowadz\u0105cego &#8211; chirurga wraz z&nbsp;zespo\u0142em personelu medycznego.<\/li>\n<li>Za opiek\u0119 piel\u0119gniarsk\u0105 odpowiada zesp\u00f3\u0142 piel\u0119gniarek pod fachowym kierownictwem naczelnej piel\u0119gniarki.<\/li>\n<li>U\u017cytkownik ma prawo zna\u0107 nazwiska personelu medycznego prowadz\u0105cego leczenie.<\/li>\n<li>Wizyty odbywaj\u0105 si\u0119 codziennie w godzinach od 7:00 do 21:00 . Wizyty poza godzinami odwiedzin wymagaj\u0105 zgody lekarza prowadz\u0105cego lub obs\u0142uguj\u0105cego. Lekarz prowadz\u0105cy Perfect Clinic mo\u017ce czasowo zakaza\u0107 wizyt ze wzgl\u0119d\u00f3w higieniczno-epidemiologicznych.<\/li>\n<li>Lekarz prowadz\u0105cy przeka\u017ce informacje o&nbsp;stanie zdrowia wy\u0142\u0105cznie osobom wskazanym przez pacjenta, z&nbsp;zachowaniem tajemnicy lekarskiej.<\/li>\n<li>\u00a0Je\u015bli zosta\u0142o to uzgodnione przed zabiegiem, pobyt w szpitalu mo\u017ce by\u0107 dzielony z&nbsp;jedn\u0105 osob\u0105 doros\u0142\u0105 (zazwyczaj najbli\u017cszym krewnym). Op\u0142ata za pobyt jest okre\u015blona w cenniku.<\/li>\n<li>\u00a0Przed opuszczeniem Perfect Clinic lekarz prowadz\u0105cy wystawi raport wypisowy i&nbsp;poinstruuje o&nbsp;dalszym post\u0119powaniu.<\/li>\n<li>\u00a0Nie zapomnij przekaza\u0107 raportu wypisowego swojemu lekarzowi rodzinnemu po&nbsp;wypisaniu ze szpitala.<\/li>\n<li>\u00a0U\u017cytkownik jest zobowi\u0105zany do uiszczenia wszystkich op\u0142at za uzgodnione us\u0142ugi przed zako\u0144czeniem pobytu.<\/li>\n<\/ol>\n<h4><strong><br \/>\nProsimy o&nbsp;przestrzeganie poni\u017cszych wytycznych obowi\u0105zuj\u0105cych wszystkich klient\u00f3w Perfect Clinic<\/strong><\/h4>\n<ol>\n<li>W Perfect Clinic obowi\u0105zuje \u015bcis\u0142y zakaz palenia.<\/li>\n<li>U\u017cywanie napoj\u00f3w alkoholowych i&nbsp;\u015brodk\u00f3w odurzaj\u0105cych jest zabronione.<br \/>\nProsimy o&nbsp;przyjmowanie lek\u00f3w przepisanych przez lekarza prowadz\u0105cego i&nbsp;przyniesionych przez piel\u0119gniark\u0119 dok\u0142adnie o&nbsp;wyznaczonej porze.<\/li>\n<li>W godzinach 22:00-6:00 obowi\u0105zuje cisza nocna.<\/li>\n<li>Oszcz\u0119dzaj sprz\u0119t i&nbsp;zapasy kliniki oraz utrzymuj porz\u0105dek, czysto\u015b\u0107 i&nbsp;higien\u0119 podczas ca\u0142ego pobytu.<\/li>\n<li>W przypadku nieprzewidzianej sytuacji nale\u017cy zawsze zachowa\u0107 spok\u00f3j i&nbsp;post\u0119powa\u0107 zgodnie z&nbsp;instrukcjami personelu miejsca pracy.<\/li>\n<li>Prosimy o&nbsp;wpisanie swoich \u017cycze\u0144, komentarzy i&nbsp;sugestii w kwestionariuszu, kt\u00f3ry znajduje si\u0119 na&nbsp;stoliku nocnym.<\/li>\n<\/ol>\n<p>Warunkiem wst\u0119pnym udanego leczenia jest nawi\u0105zanie relacji opartej na&nbsp;wzajemnym zaufaniu i&nbsp;wsp\u00f3\u0142pracy. Naszym szczerym \u017cyczeniem jest, aby ka\u017cdy z&nbsp;naszych klient\u00f3w &#8211; w tym Ty &#8211; podchodzi\u0142 do leczenia z&nbsp;aktywnym zainteresowaniem i&nbsp;zaufaniem do wiedzy i&nbsp;umiej\u0119tno\u015bci naszych lekarzy, piel\u0119gniarek i&nbsp;innych pracownik\u00f3w Perfect Clinic.<br \/>\nMamy nadziej\u0119, \u017ce b\u0119dziesz zadowolony z&nbsp;opieki i&nbsp;us\u0142ug, kt\u00f3re \u015bwiadczymy i&nbsp;\u017ce b\u0119dziesz nadal faworyzowa\u0107 nasz\u0105 klinik\u0119 po&nbsp;pobycie.<\/p>\n","protected":false},"excerpt":{"rendered":"<p>Drogi Kliencie, Do\u0142o\u017cymy wszelkich stara\u0144, aby zapewni\u0107 Ci najlepsz\u0105 profesjonaln\u0105 opiek\u0119 i&nbsp;wsp\u00f3lnie do\u0142o\u017cymy wszelkich stara\u0144, aby zapewni\u0107 Ci optymalne zdrowie oraz dobre samopoczucie fizyczne i&nbsp;psychiczne. Informacje na&nbsp;temat procedury przyj\u0119cia i&nbsp;przebiegu Perfect Clinic Po&nbsp;przybyciu do Perfect Clinic nale\u017cy zameldowa\u0107 si\u0119 w recepcji i&nbsp;poda\u0107 pow\u00f3d wizyty. W przypadku hospitalizacji piel\u0119gniarka przyjdzie z&nbsp;oddzia\u0142u szpitalnego i&nbsp;zaprowadzi pacjenta do pokoju. Zapozna Ci\u0119 z&nbsp;funkcjonowaniem i&nbsp;wyposa\u017ceniem oddzia\u0142u oraz procedur\u0105 przed zabiegiem. Rzeczy osobiste nale\u017cy umie\u015bci\u0107 na&nbsp;stoliku nocnym, a&nbsp;ubrania i&nbsp;inne przedmioty w zamykanej szafie. Zostaniesz odwiedzony przez anestezjologa, kt\u00f3ry skonsultuje ankiet\u0119 anestezjologiczn\u0105 i&nbsp;zaproponuje optymaln\u0105 metod\u0119 znieczulenia podczas zabiegu. [&hellip;]<\/p>\n","protected":false},"author":1,"featured_media":0,"parent":8178,"menu_order":0,"comment_status":"closed","ping_status":"closed","template":"simple-page.php","meta":{"_acf_changed":false,"inline_featured_image":false,"footnotes":""},"folder":[],"class_list":["post-8170","page","type-page","status-publish","hentry"],"acf":[],"yoast_head":"<!-- This site is optimized with the Yoast SEO plugin v27.4 - https:\/\/yoast.com\/product\/yoast-seo-wordpress\/ -->\n<title>Regulamin wewn\u0119trzny Perfect Clinic - Perfect Clinik<\/title>\n<meta name=\"robots\" content=\"noindex, follow, max-snippet:-1, max-image-preview:large, max-video-preview:-1\" \/>\n<meta property=\"og:locale\" content=\"pl_PL\" \/>\n<meta property=\"og:type\" content=\"article\" \/>\n<meta property=\"og:title\" content=\"Regulamin wewn\u0119trzny Perfect Clinic - Perfect Clinik\" \/>\n<meta property=\"og:description\" content=\"Drogi Kliencie, Do\u0142o\u017cymy wszelkich stara\u0144, aby zapewni\u0107 Ci najlepsz\u0105 profesjonaln\u0105 opiek\u0119 i&nbsp;wsp\u00f3lnie do\u0142o\u017cymy wszelkich stara\u0144, aby zapewni\u0107 Ci optymalne zdrowie oraz dobre samopoczucie fizyczne i&nbsp;psychiczne. Informacje na&nbsp;temat procedury przyj\u0119cia i&nbsp;przebiegu Perfect Clinic Po&nbsp;przybyciu do Perfect Clinic nale\u017cy zameldowa\u0107 si\u0119 w recepcji i&nbsp;poda\u0107 pow\u00f3d wizyty. W przypadku hospitalizacji piel\u0119gniarka przyjdzie z&nbsp;oddzia\u0142u szpitalnego i&nbsp;zaprowadzi pacjenta do pokoju. Zapozna Ci\u0119 z&nbsp;funkcjonowaniem i&nbsp;wyposa\u017ceniem oddzia\u0142u oraz procedur\u0105 przed zabiegiem. Rzeczy osobiste nale\u017cy umie\u015bci\u0107 na&nbsp;stoliku nocnym, a&nbsp;ubrania i&nbsp;inne przedmioty w zamykanej szafie. Zostaniesz odwiedzony przez anestezjologa, kt\u00f3ry skonsultuje ankiet\u0119 anestezjologiczn\u0105 i&nbsp;zaproponuje optymaln\u0105 metod\u0119 znieczulenia podczas zabiegu. [&hellip;]\" \/>\n<meta property=\"og:url\" content=\"https:\/\/perfectclinic.scrdesign.com\/pl\/informacje-dla-klientow\/regulamin-wewnetrzny-perfect-clinic\/\" \/>\n<meta property=\"og:site_name\" content=\"Perfect Clinik\" \/>\n<meta property=\"article:modified_time\" content=\"2026-03-04T09:16:22+00:00\" \/>\n<meta name=\"twitter:card\" content=\"summary_large_image\" \/>\n<meta name=\"twitter:label1\" content=\"Szacowany czas czytania\" \/>\n\t<meta name=\"twitter:data1\" content=\"3 minuty\" \/>\n<script type=\"application\/ld+json\" class=\"yoast-schema-graph\">{\"@context\":\"https:\\\/\\\/schema.org\",\"@graph\":[{\"@type\":\"WebPage\",\"@id\":\"https:\\\/\\\/perfectclinic.scrdesign.com\\\/pl\\\/informacje-dla-klientow\\\/regulamin-wewnetrzny-perfect-clinic\\\/\",\"url\":\"https:\\\/\\\/perfectclinic.scrdesign.com\\\/pl\\\/informacje-dla-klientow\\\/regulamin-wewnetrzny-perfect-clinic\\\/\",\"name\":\"Regulamin wewn\u0119trzny Perfect Clinic - Perfect Clinik\",\"isPartOf\":{\"@id\":\"https:\\\/\\\/perfectclinic.scrdesign.com\\\/pl\\\/#website\"},\"datePublished\":\"2025-09-17T07:56:14+00:00\",\"dateModified\":\"2026-03-04T09:16:22+00:00\",\"breadcrumb\":{\"@id\":\"https:\\\/\\\/perfectclinic.scrdesign.com\\\/pl\\\/informacje-dla-klientow\\\/regulamin-wewnetrzny-perfect-clinic\\\/#breadcrumb\"},\"inLanguage\":\"pl-PL\",\"potentialAction\":[{\"@type\":\"ReadAction\",\"target\":[\"https:\\\/\\\/perfectclinic.scrdesign.com\\\/pl\\\/informacje-dla-klientow\\\/regulamin-wewnetrzny-perfect-clinic\\\/\"]}]},{\"@type\":\"BreadcrumbList\",\"@id\":\"https:\\\/\\\/perfectclinic.scrdesign.com\\\/pl\\\/informacje-dla-klientow\\\/regulamin-wewnetrzny-perfect-clinic\\\/#breadcrumb\",\"itemListElement\":[{\"@type\":\"ListItem\",\"position\":1,\"name\":\"Dom\u016f\",\"item\":\"https:\\\/\\\/perfectclinic.scrdesign.com\\\/pl\\\/perfect-clinic-piekno-jest-sztuka-jestes-inspiracja\\\/\"},{\"@type\":\"ListItem\",\"position\":2,\"name\":\"Informacje dla klient\u00f3w\",\"item\":\"https:\\\/\\\/perfectclinic.scrdesign.com\\\/pl\\\/informacje-dla-klientow\\\/\"},{\"@type\":\"ListItem\",\"position\":3,\"name\":\"Regulamin wewn\u0119trzny Perfect Clinic\"}]},{\"@type\":\"WebSite\",\"@id\":\"https:\\\/\\\/perfectclinic.scrdesign.com\\\/pl\\\/#website\",\"url\":\"https:\\\/\\\/perfectclinic.scrdesign.com\\\/pl\\\/\",\"name\":\"Perfect Clinik\",\"description\":\"\",\"potentialAction\":[{\"@type\":\"SearchAction\",\"target\":{\"@type\":\"EntryPoint\",\"urlTemplate\":\"https:\\\/\\\/perfectclinic.scrdesign.com\\\/pl\\\/?s={search_term_string}\"},\"query-input\":{\"@type\":\"PropertyValueSpecification\",\"valueRequired\":true,\"valueName\":\"search_term_string\"}}],\"inLanguage\":\"pl-PL\"}]}<\/script>\n<!-- \/ Yoast SEO plugin. -->","yoast_head_json":{"title":"Regulamin wewn\u0119trzny Perfect Clinic - Perfect Clinik","robots":{"index":"noindex","follow":"follow","max-snippet":"max-snippet:-1","max-image-preview":"max-image-preview:large","max-video-preview":"max-video-preview:-1"},"og_locale":"pl_PL","og_type":"article","og_title":"Regulamin wewn\u0119trzny Perfect Clinic - Perfect Clinik","og_description":"Drogi Kliencie, Do\u0142o\u017cymy wszelkich stara\u0144, aby zapewni\u0107 Ci najlepsz\u0105 profesjonaln\u0105 opiek\u0119 i&nbsp;wsp\u00f3lnie do\u0142o\u017cymy wszelkich stara\u0144, aby zapewni\u0107 Ci optymalne zdrowie oraz dobre samopoczucie fizyczne i&nbsp;psychiczne. Informacje na&nbsp;temat procedury przyj\u0119cia i&nbsp;przebiegu Perfect Clinic Po&nbsp;przybyciu do Perfect Clinic nale\u017cy zameldowa\u0107 si\u0119 w recepcji i&nbsp;poda\u0107 pow\u00f3d wizyty. W przypadku hospitalizacji piel\u0119gniarka przyjdzie z&nbsp;oddzia\u0142u szpitalnego i&nbsp;zaprowadzi pacjenta do pokoju. Zapozna Ci\u0119 z&nbsp;funkcjonowaniem i&nbsp;wyposa\u017ceniem oddzia\u0142u oraz procedur\u0105 przed zabiegiem. Rzeczy osobiste nale\u017cy umie\u015bci\u0107 na&nbsp;stoliku nocnym, a&nbsp;ubrania i&nbsp;inne przedmioty w zamykanej szafie. Zostaniesz odwiedzony przez anestezjologa, kt\u00f3ry skonsultuje ankiet\u0119 anestezjologiczn\u0105 i&nbsp;zaproponuje optymaln\u0105 metod\u0119 znieczulenia podczas zabiegu. [&hellip;]","og_url":"https:\/\/perfectclinic.scrdesign.com\/pl\/informacje-dla-klientow\/regulamin-wewnetrzny-perfect-clinic\/","og_site_name":"Perfect Clinik","article_modified_time":"2026-03-04T09:16:22+00:00","twitter_card":"summary_large_image","twitter_misc":{"Szacowany czas czytania":"3 minuty"},"schema":{"@context":"https:\/\/schema.org","@graph":[{"@type":"WebPage","@id":"https:\/\/perfectclinic.scrdesign.com\/pl\/informacje-dla-klientow\/regulamin-wewnetrzny-perfect-clinic\/","url":"https:\/\/perfectclinic.scrdesign.com\/pl\/informacje-dla-klientow\/regulamin-wewnetrzny-perfect-clinic\/","name":"Regulamin wewn\u0119trzny Perfect Clinic - Perfect Clinik","isPartOf":{"@id":"https:\/\/perfectclinic.scrdesign.com\/pl\/#website"},"datePublished":"2025-09-17T07:56:14+00:00","dateModified":"2026-03-04T09:16:22+00:00","breadcrumb":{"@id":"https:\/\/perfectclinic.scrdesign.com\/pl\/informacje-dla-klientow\/regulamin-wewnetrzny-perfect-clinic\/#breadcrumb"},"inLanguage":"pl-PL","potentialAction":[{"@type":"ReadAction","target":["https:\/\/perfectclinic.scrdesign.com\/pl\/informacje-dla-klientow\/regulamin-wewnetrzny-perfect-clinic\/"]}]},{"@type":"BreadcrumbList","@id":"https:\/\/perfectclinic.scrdesign.com\/pl\/informacje-dla-klientow\/regulamin-wewnetrzny-perfect-clinic\/#breadcrumb","itemListElement":[{"@type":"ListItem","position":1,"name":"Dom\u016f","item":"https:\/\/perfectclinic.scrdesign.com\/pl\/perfect-clinic-piekno-jest-sztuka-jestes-inspiracja\/"},{"@type":"ListItem","position":2,"name":"Informacje dla klient\u00f3w","item":"https:\/\/perfectclinic.scrdesign.com\/pl\/informacje-dla-klientow\/"},{"@type":"ListItem","position":3,"name":"Regulamin wewn\u0119trzny Perfect Clinic"}]},{"@type":"WebSite","@id":"https:\/\/perfectclinic.scrdesign.com\/pl\/#website","url":"https:\/\/perfectclinic.scrdesign.com\/pl\/","name":"Perfect Clinik","description":"","potentialAction":[{"@type":"SearchAction","target":{"@type":"EntryPoint","urlTemplate":"https:\/\/perfectclinic.scrdesign.com\/pl\/?s={search_term_string}"},"query-input":{"@type":"PropertyValueSpecification","valueRequired":true,"valueName":"search_term_string"}}],"inLanguage":"pl-PL"}]}},"_links":{"self":[{"href":"https:\/\/perfectclinic.scrdesign.com\/pl\/wp-json\/wp\/v2\/pages\/8170","targetHints":{"allow":["GET"]}}],"collection":[{"href":"https:\/\/perfectclinic.scrdesign.com\/pl\/wp-json\/wp\/v2\/pages"}],"about":[{"href":"https:\/\/perfectclinic.scrdesign.com\/pl\/wp-json\/wp\/v2\/types\/page"}],"author":[{"embeddable":true,"href":"https:\/\/perfectclinic.scrdesign.com\/pl\/wp-json\/wp\/v2\/users\/1"}],"replies":[{"embeddable":true,"href":"https:\/\/perfectclinic.scrdesign.com\/pl\/wp-json\/wp\/v2\/comments?post=8170"}],"version-history":[{"count":2,"href":"https:\/\/perfectclinic.scrdesign.com\/pl\/wp-json\/wp\/v2\/pages\/8170\/revisions"}],"predecessor-version":[{"id":8391,"href":"https:\/\/perfectclinic.scrdesign.com\/pl\/wp-json\/wp\/v2\/pages\/8170\/revisions\/8391"}],"up":[{"embeddable":true,"href":"https:\/\/perfectclinic.scrdesign.com\/pl\/wp-json\/wp\/v2\/pages\/8178"}],"wp:attachment":[{"href":"https:\/\/perfectclinic.scrdesign.com\/pl\/wp-json\/wp\/v2\/media?parent=8170"}],"wp:term":[{"taxonomy":"folder","embeddable":true,"href":"https:\/\/perfectclinic.scrdesign.com\/pl\/wp-json\/wp\/v2\/folder?post=8170"}],"curies":[{"name":"wp","href":"https:\/\/api.w.org\/{rel}","templated":true}]}}