{"id":8171,"date":"2025-07-24T14:13:58","date_gmt":"2025-07-24T12:13:58","guid":{"rendered":"https:\/\/perfectclinic.scrdesign.com\/instrukcje-przed-zabiegiem-w-znieczuleniu-miejscowym\/"},"modified":"2026-03-04T10:33:45","modified_gmt":"2026-03-04T09:33:45","slug":"instrukcje-przed-zabiegiem-w-znieczuleniu-miejscowym","status":"publish","type":"page","link":"https:\/\/perfectclinic.scrdesign.com\/pl\/informacje-dla-klientow\/instrukcje-przed-zabiegiem-w-znieczuleniu-miejscowym\/","title":{"rendered":"Instrukcje przed zabiegiem w znieczuleniu miejscowym"},"content":{"rendered":"<p>Nie wymagamy pobierania krwi do operacji w znieczuleniu miejscowym. Je\u015bli klient jest na&nbsp;co\u015b leczony, pozostaje to w gestii chirurga.<\/p>\n<h2>Posi\u0142ki i&nbsp;przygotowanie przed zabiegiem:<\/h2>\n<ul>\n<li>W dniu zabiegu mo\u017cna je\u015b\u0107 i&nbsp;pi\u0107.<\/li>\n<li>Nie pi\u0107 kawy co najmniej 6 godzin przed zabiegiem.<\/li>\n<li>Nie pali\u0107 co najmniej 24 godziny przed zabiegiem.<\/li>\n<\/ul>\n<h2>Co zabra\u0107:<\/h2>\n<ul>\n<li>Wype\u0142niona i&nbsp;podpisana dokumentacja dotycz\u0105ca zabiegu, kt\u00f3r\u0105 otrzyma\u0142e\u015b podczas konsultacji z&nbsp;lekarzem<\/li>\n<li>Dow\u00f3d osobisty lub inny dow\u00f3d to\u017csamo\u015bci<\/li>\n<li>Dodatkowa op\u0142ata za zabieg &#8211; preferujemy p\u0142atno\u015b\u0107 kart\u0105, mo\u017cliwa jest r\u00f3wnie\u017c p\u0142atno\u015b\u0107 got\u00f3wk\u0105<\/li>\n<\/ul>\n<h2>Wa\u017cne informacje:<\/h2>\n<ul>\n<li>Je\u015bli przyjmujesz leki rozrzedzaj\u0105ce krew lub cierpisz na&nbsp;powa\u017cn\u0105 chorob\u0119, natychmiast skontaktuj si\u0119 z&nbsp;nami<\/li>\n<li>Zdejmij wszystkie kolczyki i&nbsp;bi\u017cuteri\u0119 &#8211; najlepiej zostaw je w domu.<\/li>\n<\/ul>\n<h2>\u015arodki higieny:<\/h2>\n<ul>\n<li>Ca\u0142kowicie ogolony obszar, w kt\u00f3rym zostanie przeprowadzony zabieg.<\/li>\n<li>Kremy i&nbsp;dezodoranty: nie stosowa\u0107 w dniu zabiegu na&nbsp;leczonych obszarach.<\/li>\n<\/ul>\n<p>&nbsp;<\/p>\n    <div class=\"custom-warning-box\">\r\n        <h2>Ostrze\u017cenie dotycz\u0105ce zabieg\u00f3w chirurgii naczyniowej:<\/h2>\r\n        <p><strong>Je\u015bli przyjmuj\u0105 Pa\u0144stwo antykoncepcj\u0119 hormonaln\u0105, konieczne jest jej odstawienie 14 dni przed zabiegiem. Ponowne stosowanie antykoncepcji jest mo\u017cliwe dopiero po&nbsp;6 tygodniach od przeprowadzonego zabiegu.<\/strong><\/p>\r\n    <\/div>\r\n    \n<p>&nbsp;<\/p>\n<h2>Wypis po&nbsp;zabiegu<\/h2>\n<ul>\n<li>Wypis nast\u0119puje natychmiast po&nbsp;zabiegu<\/li>\n<li>Zalecamy zorganizowanie eskorty<\/li>\n<\/ul>\n","protected":false},"excerpt":{"rendered":"<p>Nie wymagamy pobierania krwi do operacji w znieczuleniu miejscowym. Je\u015bli klient jest na&nbsp;co\u015b leczony, pozostaje to w gestii chirurga. Posi\u0142ki i&nbsp;przygotowanie przed zabiegiem: W dniu zabiegu mo\u017cna je\u015b\u0107 i&nbsp;pi\u0107. Nie pi\u0107 kawy co najmniej 6 godzin przed zabiegiem. Nie pali\u0107 co najmniej 24 godziny przed zabiegiem. Co zabra\u0107: Wype\u0142niona i&nbsp;podpisana dokumentacja dotycz\u0105ca zabiegu, kt\u00f3r\u0105 otrzyma\u0142e\u015b podczas konsultacji z&nbsp;lekarzem Dow\u00f3d osobisty lub inny dow\u00f3d to\u017csamo\u015bci Dodatkowa op\u0142ata za zabieg &#8211; preferujemy p\u0142atno\u015b\u0107 kart\u0105, mo\u017cliwa jest r\u00f3wnie\u017c p\u0142atno\u015b\u0107 got\u00f3wk\u0105 Wa\u017cne informacje: Je\u015bli przyjmujesz leki rozrzedzaj\u0105ce krew lub cierpisz na&nbsp;powa\u017cn\u0105 chorob\u0119, natychmiast skontaktuj [&hellip;]<\/p>\n","protected":false},"author":1,"featured_media":0,"parent":8178,"menu_order":0,"comment_status":"closed","ping_status":"closed","template":"simple-page.php","meta":{"_acf_changed":false,"inline_featured_image":false,"footnotes":""},"folder":[],"class_list":["post-8171","page","type-page","status-publish","hentry"],"acf":[],"yoast_head":"<!-- This site is optimized with the Yoast SEO plugin v27.4 - https:\/\/yoast.com\/product\/yoast-seo-wordpress\/ -->\n<title>Instrukcje przed znieczuleniem miejscowym | Perfect Clinic<\/title>\n<meta name=\"description\" content=\"Nie wymagamy pobierania krwi do operacji w znieczuleniu miejscowym. Je\u015bli klient jest na co\u015b leczony, pozostaje to w gestii chirurga.\" \/>\n<meta name=\"robots\" content=\"noindex, follow, max-snippet:-1, max-image-preview:large, max-video-preview:-1\" \/>\n<meta property=\"og:locale\" content=\"pl_PL\" \/>\n<meta property=\"og:type\" content=\"article\" \/>\n<meta property=\"og:title\" content=\"Instrukcje przed znieczuleniem miejscowym | Perfect Clinic\" \/>\n<meta property=\"og:description\" content=\"Nie wymagamy pobierania krwi do operacji w znieczuleniu miejscowym. Je\u015bli klient jest na co\u015b leczony, pozostaje to w gestii chirurga.\" \/>\n<meta property=\"og:url\" content=\"https:\/\/perfectclinic.scrdesign.com\/pl\/informacje-dla-klientow\/instrukcje-przed-zabiegiem-w-znieczuleniu-miejscowym\/\" \/>\n<meta property=\"og:site_name\" content=\"Perfect Clinik\" \/>\n<meta property=\"article:modified_time\" content=\"2026-03-04T09:33:45+00:00\" \/>\n<meta name=\"twitter:card\" content=\"summary_large_image\" \/>\n<meta name=\"twitter:label1\" content=\"Szacowany czas czytania\" \/>\n\t<meta name=\"twitter:data1\" content=\"1 minuta\" \/>\n<script type=\"application\/ld+json\" class=\"yoast-schema-graph\">{\"@context\":\"https:\\\/\\\/schema.org\",\"@graph\":[{\"@type\":\"WebPage\",\"@id\":\"https:\\\/\\\/perfectclinic.scrdesign.com\\\/pl\\\/informacje-dla-klientow\\\/instrukcje-przed-zabiegiem-w-znieczuleniu-miejscowym\\\/\",\"url\":\"https:\\\/\\\/perfectclinic.scrdesign.com\\\/pl\\\/informacje-dla-klientow\\\/instrukcje-przed-zabiegiem-w-znieczuleniu-miejscowym\\\/\",\"name\":\"Instrukcje przed znieczuleniem miejscowym | Perfect Clinic\",\"isPartOf\":{\"@id\":\"https:\\\/\\\/perfectclinic.scrdesign.com\\\/pl\\\/#website\"},\"datePublished\":\"2025-07-24T12:13:58+00:00\",\"dateModified\":\"2026-03-04T09:33:45+00:00\",\"description\":\"Nie wymagamy pobierania krwi do operacji w znieczuleniu miejscowym. Je\u015bli klient jest na co\u015b leczony, pozostaje to w gestii chirurga.\",\"breadcrumb\":{\"@id\":\"https:\\\/\\\/perfectclinic.scrdesign.com\\\/pl\\\/informacje-dla-klientow\\\/instrukcje-przed-zabiegiem-w-znieczuleniu-miejscowym\\\/#breadcrumb\"},\"inLanguage\":\"pl-PL\",\"potentialAction\":[{\"@type\":\"ReadAction\",\"target\":[\"https:\\\/\\\/perfectclinic.scrdesign.com\\\/pl\\\/informacje-dla-klientow\\\/instrukcje-przed-zabiegiem-w-znieczuleniu-miejscowym\\\/\"]}]},{\"@type\":\"BreadcrumbList\",\"@id\":\"https:\\\/\\\/perfectclinic.scrdesign.com\\\/pl\\\/informacje-dla-klientow\\\/instrukcje-przed-zabiegiem-w-znieczuleniu-miejscowym\\\/#breadcrumb\",\"itemListElement\":[{\"@type\":\"ListItem\",\"position\":1,\"name\":\"Dom\u016f\",\"item\":\"https:\\\/\\\/perfectclinic.scrdesign.com\\\/pl\\\/perfect-clinic-piekno-jest-sztuka-jestes-inspiracja\\\/\"},{\"@type\":\"ListItem\",\"position\":2,\"name\":\"Informacje dla klient\u00f3w\",\"item\":\"https:\\\/\\\/perfectclinic.scrdesign.com\\\/pl\\\/informacje-dla-klientow\\\/\"},{\"@type\":\"ListItem\",\"position\":3,\"name\":\"Instrukcje przed zabiegiem w znieczuleniu miejscowym\"}]},{\"@type\":\"WebSite\",\"@id\":\"https:\\\/\\\/perfectclinic.scrdesign.com\\\/pl\\\/#website\",\"url\":\"https:\\\/\\\/perfectclinic.scrdesign.com\\\/pl\\\/\",\"name\":\"Perfect Clinik\",\"description\":\"\",\"potentialAction\":[{\"@type\":\"SearchAction\",\"target\":{\"@type\":\"EntryPoint\",\"urlTemplate\":\"https:\\\/\\\/perfectclinic.scrdesign.com\\\/pl\\\/?s={search_term_string}\"},\"query-input\":{\"@type\":\"PropertyValueSpecification\",\"valueRequired\":true,\"valueName\":\"search_term_string\"}}],\"inLanguage\":\"pl-PL\"}]}<\/script>\n<!-- \/ Yoast SEO plugin. -->","yoast_head_json":{"title":"Instrukcje przed znieczuleniem miejscowym | Perfect Clinic","description":"Nie wymagamy pobierania krwi do operacji w znieczuleniu miejscowym. Je\u015bli klient jest na co\u015b leczony, pozostaje to w gestii chirurga.","robots":{"index":"noindex","follow":"follow","max-snippet":"max-snippet:-1","max-image-preview":"max-image-preview:large","max-video-preview":"max-video-preview:-1"},"og_locale":"pl_PL","og_type":"article","og_title":"Instrukcje przed znieczuleniem miejscowym | Perfect Clinic","og_description":"Nie wymagamy pobierania krwi do operacji w znieczuleniu miejscowym. Je\u015bli klient jest na co\u015b leczony, pozostaje to w gestii chirurga.","og_url":"https:\/\/perfectclinic.scrdesign.com\/pl\/informacje-dla-klientow\/instrukcje-przed-zabiegiem-w-znieczuleniu-miejscowym\/","og_site_name":"Perfect Clinik","article_modified_time":"2026-03-04T09:33:45+00:00","twitter_card":"summary_large_image","twitter_misc":{"Szacowany czas czytania":"1 minuta"},"schema":{"@context":"https:\/\/schema.org","@graph":[{"@type":"WebPage","@id":"https:\/\/perfectclinic.scrdesign.com\/pl\/informacje-dla-klientow\/instrukcje-przed-zabiegiem-w-znieczuleniu-miejscowym\/","url":"https:\/\/perfectclinic.scrdesign.com\/pl\/informacje-dla-klientow\/instrukcje-przed-zabiegiem-w-znieczuleniu-miejscowym\/","name":"Instrukcje przed znieczuleniem miejscowym | Perfect Clinic","isPartOf":{"@id":"https:\/\/perfectclinic.scrdesign.com\/pl\/#website"},"datePublished":"2025-07-24T12:13:58+00:00","dateModified":"2026-03-04T09:33:45+00:00","description":"Nie wymagamy pobierania krwi do operacji w znieczuleniu miejscowym. Je\u015bli klient jest na co\u015b leczony, pozostaje to w gestii chirurga.","breadcrumb":{"@id":"https:\/\/perfectclinic.scrdesign.com\/pl\/informacje-dla-klientow\/instrukcje-przed-zabiegiem-w-znieczuleniu-miejscowym\/#breadcrumb"},"inLanguage":"pl-PL","potentialAction":[{"@type":"ReadAction","target":["https:\/\/perfectclinic.scrdesign.com\/pl\/informacje-dla-klientow\/instrukcje-przed-zabiegiem-w-znieczuleniu-miejscowym\/"]}]},{"@type":"BreadcrumbList","@id":"https:\/\/perfectclinic.scrdesign.com\/pl\/informacje-dla-klientow\/instrukcje-przed-zabiegiem-w-znieczuleniu-miejscowym\/#breadcrumb","itemListElement":[{"@type":"ListItem","position":1,"name":"Dom\u016f","item":"https:\/\/perfectclinic.scrdesign.com\/pl\/perfect-clinic-piekno-jest-sztuka-jestes-inspiracja\/"},{"@type":"ListItem","position":2,"name":"Informacje dla klient\u00f3w","item":"https:\/\/perfectclinic.scrdesign.com\/pl\/informacje-dla-klientow\/"},{"@type":"ListItem","position":3,"name":"Instrukcje przed zabiegiem w znieczuleniu miejscowym"}]},{"@type":"WebSite","@id":"https:\/\/perfectclinic.scrdesign.com\/pl\/#website","url":"https:\/\/perfectclinic.scrdesign.com\/pl\/","name":"Perfect Clinik","description":"","potentialAction":[{"@type":"SearchAction","target":{"@type":"EntryPoint","urlTemplate":"https:\/\/perfectclinic.scrdesign.com\/pl\/?s={search_term_string}"},"query-input":{"@type":"PropertyValueSpecification","valueRequired":true,"valueName":"search_term_string"}}],"inLanguage":"pl-PL"}]}},"_links":{"self":[{"href":"https:\/\/perfectclinic.scrdesign.com\/pl\/wp-json\/wp\/v2\/pages\/8171","targetHints":{"allow":["GET"]}}],"collection":[{"href":"https:\/\/perfectclinic.scrdesign.com\/pl\/wp-json\/wp\/v2\/pages"}],"about":[{"href":"https:\/\/perfectclinic.scrdesign.com\/pl\/wp-json\/wp\/v2\/types\/page"}],"author":[{"embeddable":true,"href":"https:\/\/perfectclinic.scrdesign.com\/pl\/wp-json\/wp\/v2\/users\/1"}],"replies":[{"embeddable":true,"href":"https:\/\/perfectclinic.scrdesign.com\/pl\/wp-json\/wp\/v2\/comments?post=8171"}],"version-history":[{"count":2,"href":"https:\/\/perfectclinic.scrdesign.com\/pl\/wp-json\/wp\/v2\/pages\/8171\/revisions"}],"predecessor-version":[{"id":8405,"href":"https:\/\/perfectclinic.scrdesign.com\/pl\/wp-json\/wp\/v2\/pages\/8171\/revisions\/8405"}],"up":[{"embeddable":true,"href":"https:\/\/perfectclinic.scrdesign.com\/pl\/wp-json\/wp\/v2\/pages\/8178"}],"wp:attachment":[{"href":"https:\/\/perfectclinic.scrdesign.com\/pl\/wp-json\/wp\/v2\/media?parent=8171"}],"wp:term":[{"taxonomy":"folder","embeddable":true,"href":"https:\/\/perfectclinic.scrdesign.com\/pl\/wp-json\/wp\/v2\/folder?post=8171"}],"curies":[{"name":"wp","href":"https:\/\/api.w.org\/{rel}","templated":true}]}}