{"id":8397,"date":"2025-07-24T14:15:06","date_gmt":"2025-07-24T12:15:06","guid":{"rendered":"https:\/\/perfectclinic.scrdesign.com\/informacje-dla-klientow\/instrukcje-przed-zabiegiem-w-znieczuleniu-ogolnym-i-analgosedacji\/"},"modified":"2026-03-04T10:26:05","modified_gmt":"2026-03-04T09:26:05","slug":"instrukcje-przed-zabiegiem-w-znieczuleniu-ogolnym-i-analgosedacji","status":"publish","type":"page","link":"https:\/\/perfectclinic.scrdesign.com\/pl\/informacje-dla-klientow\/instrukcje-przed-zabiegiem-w-znieczuleniu-ogolnym-i-analgosedacji\/","title":{"rendered":"Instrukcje przed zabiegiem w znieczuleniu og\u00f3lnym i analgosedacji"},"content":{"rendered":"<p>Badanie przedoperacyjne<br \/>\nBadanie przedoperacyjne okre\u015bla, czy cia\u0142o jest gotowe do planowanego zabiegu i&nbsp;czy ryzyko jest zminimalizowane.<\/p>\n<p>&nbsp;<\/p>\n<p><strong>Zwykle obejmuje:<\/strong><\/p>\n<ul>\n<li>Wype\u0142nianie kwestionariusza zdrowia<\/li>\n<li>Badanie fizykalne przeprowadzone przez lekarza<\/li>\n<li>EKG<\/li>\n<li>Obraz krwi<\/li>\n<li>Analiza moczu<\/li>\n<li>RTG p\u0142uc u&nbsp;zdrowych pacjent\u00f3w w wieku do 60 lat, RTG p\u0142uc jest konieczne we wszystkich grupach wiekowych u&nbsp;pacjent\u00f3w z&nbsp;chorobami p\u0142uc.<\/li>\n<li>Je\u015bli pacjent jest leczony przez specjalist\u0119 (pulmonologa, kardiologa, hematologa, endokrynologa, diabetologa&#8230;.), przed znieczuleniem og\u00f3lnym nale\u017cy przynie\u015b\u0107 raport lekarza prowadz\u0105cego z&nbsp;wszelkimi zaleceniami.<\/li>\n<\/ul>\n<p>&nbsp;<\/p>\n    <div class=\"custom-warning-box\">\r\n        <h2>Uwaga :<\/h2>\r\n        <p><strong>W raporcie musi by\u0107 wyra\u017anie wskazane, czy nie ma przeciwwskaza\u0144 do operacji w znieczuleniu og\u00f3lnym. Pacjenci z&nbsp;niepe\u0142nym badaniem nie mog\u0105 zosta\u0107 operowani.<\/strong><\/p>\r\n    <\/div>\r\n    \n<p><strong>Badania te wykonywane przez lekarza og\u00f3lnego lub internist\u0119 nie mog\u0105 by\u0107 starsze ni\u017c 14 dni. Istnieje mo\u017cliwo\u015b\u0107 wykonania badania bezpo\u015brednio w naszej klinice. <\/strong><\/p>\n<p>Przycisk wi\u0119cej informacji: proklik na&nbsp;procedur\u0119 badania przedoperacyjnego (https:\/\/perfectclinic.scrdesign.com\/zakrok\/predoperacni-vysetreni\/)<\/p>\n<h2><\/h2>\n<h2>Medyczne bariery dla operacji<\/h2>\n<ul>\n<li>Operacja mo\u017ce by\u0107 przeprowadzona tylko u&nbsp;zdrowych pacjent\u00f3w<\/li>\n<li>Pacjenci nie mog\u0105 mie\u0107 przezi\u0119bienia, kaszlu, ropnej wysypki, opryszczki itp.<\/li>\n<li>Po&nbsp;chorobie gor\u0105czkowej konieczna jest 2-3 tygodniowa rekonwalescencja<\/li>\n<li>Cztery tygodnie przed zabiegiem pacjent nie mo\u017ce przyjmowa\u0107 \u017cadnych lek\u00f3w rozrzedzaj\u0105cych krew, np. zawieraj\u0105cych kwas acetylosalicylowy (acylpiryna, superpiryna, anopiryna).<\/li>\n<\/ul>\n<h2><\/h2>\n<h2>Co zabra\u0107 ze sob\u0105 na&nbsp;operacj\u0119<\/h2>\n<ul>\n<li>Wype\u0142nione i&nbsp;podpisane dokumenty zabiegowe (otrzymane podczas osobistej konsultacji)<\/li>\n<li>Wewn\u0119trzne badanie przedoperacyjne, je\u015bli nie przeszed\u0142e\u015b go u&nbsp;nas<\/li>\n<li>Wynik USG lub mammografii (w przypadku operacji piersi)<\/li>\n<li>Podstawowe przybory toaletowe, kapcie<\/li>\n<li>Codziennie przyjmowane leki<\/li>\n<li>Dow\u00f3d osobisty lub inny dow\u00f3d to\u017csamo\u015bci<\/li>\n<li>Dop\u0142ata finansowa za transakcj\u0119 (preferujemy p\u0142atno\u015b\u0107 kart\u0105 &#8211; nale\u017cy pami\u0119ta\u0107 o&nbsp;limicie dziennym; mo\u017cliwa jest r\u00f3wnie\u017c p\u0142atno\u015b\u0107 got\u00f3wk\u0105)<\/li>\n<\/ul>\n<h2><\/h2>\n<h2>Posi\u0142ki i&nbsp;przygotowanie przed zabiegiem:<\/h2>\n<ul>\n<li>Przyj\u015b\u0107 na&nbsp;czczo &#8211; ostatni posi\u0142ek nie p\u00f3\u017aniej ni\u017c o&nbsp;p\u00f3\u0142nocy przed zabiegiem.<\/li>\n<li>Do momentu przybycia do kliniki mo\u017cna pi\u0107 wod\u0119 niegazowan\u0105.<\/li>\n<li>Nie nale\u017cy pi\u0107 kawy co najmniej 6 godzin przed zabiegiem.<\/li>\n<li>Nie pali\u0107 przez co najmniej 24 godziny przed zabiegiem.<\/li>\n<\/ul>\n<h2><\/h2>\n<h2>Inne wa\u017cne informacje<\/h2>\n<ul>\n<li>Jeden paznokie\u0107 na&nbsp;lewej r\u0119ce (palec wskazuj\u0105cy lub \u015brodkowy) musi by\u0107 bez \u017celu i&nbsp;niepomalowany.<\/li>\n<li>Brak sztucznych rz\u0119s w przypadku zabieg\u00f3w chirurgicznych w znieczuleniu og\u00f3lnym lub analgosedacji.<\/li>\n<li>Wszystkie kolczyki i&nbsp;bi\u017cuteria musz\u0105 zosta\u0107 usuni\u0119te, w przeciwnym razie operacja nie b\u0119dzie mog\u0142a zosta\u0107 przeprowadzona.<\/li>\n<\/ul>\n<h2><\/h2>\n<h2>Przygotowanie w zale\u017cno\u015bci od rodzaju interwencji:<\/h2>\n<ul>\n<li>Operacja piersi: ogolone pachy<\/li>\n<li>Operacja brzucha: Ogolone pachy, w\u0142osy \u0142onowe i&nbsp;brzuch<\/li>\n<li>Liposukcja: ca\u0142kowicie ogolone obszary, w kt\u00f3rych zostanie przeprowadzony zabieg.<\/li>\n<li>Ginekomastia: ogolona klatka piersiowa i&nbsp;pachy<\/li>\n<li>Operacja nosa: usuni\u0119cie w\u0142os\u00f3w z&nbsp;nosa, m\u0119\u017cczy\u017ani r\u00f3wnie\u017c maj\u0105 ogolon\u0105 twarz<\/li>\n<li>Kremy i&nbsp;dezodoranty: nie stosowa\u0107 w dniu operacji na&nbsp;operowane miejsca.<\/li>\n<\/ul>\n<p>&nbsp;<\/p>\n    <div class=\"custom-warning-box\">\r\n        <h2>Uwaga :<\/h2>\r\n        <p><strong>Pokud u\u017e\u00edv\u00e1te l\u00e9ky na&nbsp;\u0159ed\u011bn\u00ed krve, trp\u00edte z\u00e1va\u017en\u00fdm onemocn\u011bn\u00edm, jste nemocn\u00ed nebo se&nbsp;nec\u00edt\u00edte dob\u0159e, ihned n\u00e1s pros\u00edm kontaktujte.<\/strong><\/p>\r\n    <\/div>\r\n    \n<h2><\/h2>\n<h2>Wypis po&nbsp;operacji:<\/h2>\n<ul>\n<li>Zwolnienie nast\u0119puje nast\u0119pnego dnia mi\u0119dzy 8:00 a&nbsp;9:00 rano.<\/li>\n<li>W przypadku analgosedacji przy kr\u00f3tkich zabiegach, wypis mo\u017ce nast\u0105pi\u0107 w dniu zabiegu.<\/li>\n<li>Upewnij si\u0119, \u017ce towarzyszy Ci osoba towarzysz\u0105ca &#8211; nie zalecamy prowadzenia pojazdu po&nbsp;operacji.<\/li>\n<li>Przy wyje\u017adzie nale\u017cy zg\u0142osi\u0107 dat\u0119 pierwszej kontroli zgodnie z&nbsp;raportem wypisu.<\/li>\n<\/ul>\n","protected":false},"excerpt":{"rendered":"<p>Badanie przedoperacyjne Badanie przedoperacyjne okre\u015bla, czy cia\u0142o jest gotowe do planowanego zabiegu i&nbsp;czy ryzyko jest zminimalizowane. &nbsp; Zwykle obejmuje: Wype\u0142nianie kwestionariusza zdrowia Badanie fizykalne przeprowadzone przez lekarza EKG Obraz krwi Analiza moczu RTG p\u0142uc u&nbsp;zdrowych pacjent\u00f3w w wieku do 60 lat, RTG p\u0142uc jest konieczne we wszystkich grupach wiekowych u&nbsp;pacjent\u00f3w z&nbsp;chorobami p\u0142uc. Je\u015bli pacjent jest leczony przez specjalist\u0119 (pulmonologa, kardiologa, hematologa, endokrynologa, diabetologa&#8230;.), przed znieczuleniem og\u00f3lnym nale\u017cy przynie\u015b\u0107 raport lekarza prowadz\u0105cego z&nbsp;wszelkimi zaleceniami. &nbsp; Badania te wykonywane przez lekarza og\u00f3lnego lub internist\u0119 nie mog\u0105 by\u0107 starsze ni\u017c 14 dni. Istnieje [&hellip;]<\/p>\n","protected":false},"author":1,"featured_media":0,"parent":8178,"menu_order":0,"comment_status":"closed","ping_status":"closed","template":"simple-page.php","meta":{"_acf_changed":false,"inline_featured_image":false,"footnotes":""},"folder":[],"class_list":["post-8397","page","type-page","status-publish","hentry"],"acf":[],"yoast_head":"<!-- This site is optimized with the Yoast SEO plugin v27.4 - https:\/\/yoast.com\/product\/yoast-seo-wordpress\/ -->\n<title>Instrukcje przed zabiegiem w znieczuleniu og\u00f3lnym i analgosedacji | Perfect Clinic<\/title>\n<meta name=\"robots\" content=\"noindex, follow, max-snippet:-1, max-image-preview:large, max-video-preview:-1\" \/>\n<meta property=\"og:locale\" content=\"pl_PL\" \/>\n<meta property=\"og:type\" content=\"article\" \/>\n<meta property=\"og:title\" content=\"Instrukcje przed zabiegiem w znieczuleniu og\u00f3lnym i analgosedacji | Perfect Clinic\" \/>\n<meta property=\"og:description\" content=\"Badanie przedoperacyjne Badanie przedoperacyjne okre\u015bla, czy cia\u0142o jest gotowe do planowanego zabiegu i&nbsp;czy ryzyko jest zminimalizowane. &nbsp; Zwykle obejmuje: Wype\u0142nianie kwestionariusza zdrowia Badanie fizykalne przeprowadzone przez lekarza EKG Obraz krwi Analiza moczu RTG p\u0142uc u&nbsp;zdrowych pacjent\u00f3w w wieku do 60 lat, RTG p\u0142uc jest konieczne we wszystkich grupach wiekowych u&nbsp;pacjent\u00f3w z&nbsp;chorobami p\u0142uc. Je\u015bli pacjent jest leczony przez specjalist\u0119 (pulmonologa, kardiologa, hematologa, endokrynologa, diabetologa&#8230;.), przed znieczuleniem og\u00f3lnym nale\u017cy przynie\u015b\u0107 raport lekarza prowadz\u0105cego z&nbsp;wszelkimi zaleceniami. &nbsp; Badania te wykonywane przez lekarza og\u00f3lnego lub internist\u0119 nie mog\u0105 by\u0107 starsze ni\u017c 14 dni. Istnieje [&hellip;]\" \/>\n<meta property=\"og:url\" content=\"https:\/\/perfectclinic.scrdesign.com\/pl\/informacje-dla-klientow\/instrukcje-przed-zabiegiem-w-znieczuleniu-ogolnym-i-analgosedacji\/\" \/>\n<meta property=\"og:site_name\" content=\"Perfect Clinik\" \/>\n<meta property=\"article:modified_time\" content=\"2026-03-04T09:26:05+00:00\" \/>\n<meta name=\"twitter:card\" content=\"summary_large_image\" \/>\n<meta name=\"twitter:label1\" content=\"Szacowany czas czytania\" \/>\n\t<meta name=\"twitter:data1\" content=\"3 minuty\" \/>\n<script type=\"application\/ld+json\" class=\"yoast-schema-graph\">{\"@context\":\"https:\\\/\\\/schema.org\",\"@graph\":[{\"@type\":\"WebPage\",\"@id\":\"https:\\\/\\\/perfectclinic.scrdesign.com\\\/pl\\\/informacje-dla-klientow\\\/instrukcje-przed-zabiegiem-w-znieczuleniu-ogolnym-i-analgosedacji\\\/\",\"url\":\"https:\\\/\\\/perfectclinic.scrdesign.com\\\/pl\\\/informacje-dla-klientow\\\/instrukcje-przed-zabiegiem-w-znieczuleniu-ogolnym-i-analgosedacji\\\/\",\"name\":\"Instrukcje przed zabiegiem w znieczuleniu og\u00f3lnym i analgosedacji | Perfect Clinic\",\"isPartOf\":{\"@id\":\"https:\\\/\\\/perfectclinic.scrdesign.com\\\/pl\\\/#website\"},\"datePublished\":\"2025-07-24T12:15:06+00:00\",\"dateModified\":\"2026-03-04T09:26:05+00:00\",\"breadcrumb\":{\"@id\":\"https:\\\/\\\/perfectclinic.scrdesign.com\\\/pl\\\/informacje-dla-klientow\\\/instrukcje-przed-zabiegiem-w-znieczuleniu-ogolnym-i-analgosedacji\\\/#breadcrumb\"},\"inLanguage\":\"pl-PL\",\"potentialAction\":[{\"@type\":\"ReadAction\",\"target\":[\"https:\\\/\\\/perfectclinic.scrdesign.com\\\/pl\\\/informacje-dla-klientow\\\/instrukcje-przed-zabiegiem-w-znieczuleniu-ogolnym-i-analgosedacji\\\/\"]}]},{\"@type\":\"BreadcrumbList\",\"@id\":\"https:\\\/\\\/perfectclinic.scrdesign.com\\\/pl\\\/informacje-dla-klientow\\\/instrukcje-przed-zabiegiem-w-znieczuleniu-ogolnym-i-analgosedacji\\\/#breadcrumb\",\"itemListElement\":[{\"@type\":\"ListItem\",\"position\":1,\"name\":\"Dom\u016f\",\"item\":\"https:\\\/\\\/perfectclinic.scrdesign.com\\\/pl\\\/perfect-clinic-piekno-jest-sztuka-jestes-inspiracja\\\/\"},{\"@type\":\"ListItem\",\"position\":2,\"name\":\"Informacje dla klient\u00f3w\",\"item\":\"https:\\\/\\\/perfectclinic.scrdesign.com\\\/pl\\\/informacje-dla-klientow\\\/\"},{\"@type\":\"ListItem\",\"position\":3,\"name\":\"Instrukcje przed zabiegiem w znieczuleniu og\u00f3lnym i analgosedacji\"}]},{\"@type\":\"WebSite\",\"@id\":\"https:\\\/\\\/perfectclinic.scrdesign.com\\\/pl\\\/#website\",\"url\":\"https:\\\/\\\/perfectclinic.scrdesign.com\\\/pl\\\/\",\"name\":\"Perfect Clinik\",\"description\":\"\",\"potentialAction\":[{\"@type\":\"SearchAction\",\"target\":{\"@type\":\"EntryPoint\",\"urlTemplate\":\"https:\\\/\\\/perfectclinic.scrdesign.com\\\/pl\\\/?s={search_term_string}\"},\"query-input\":{\"@type\":\"PropertyValueSpecification\",\"valueRequired\":true,\"valueName\":\"search_term_string\"}}],\"inLanguage\":\"pl-PL\"}]}<\/script>\n<!-- \/ Yoast SEO plugin. -->","yoast_head_json":{"title":"Instrukcje przed zabiegiem w znieczuleniu og\u00f3lnym i analgosedacji | Perfect Clinic","robots":{"index":"noindex","follow":"follow","max-snippet":"max-snippet:-1","max-image-preview":"max-image-preview:large","max-video-preview":"max-video-preview:-1"},"og_locale":"pl_PL","og_type":"article","og_title":"Instrukcje przed zabiegiem w znieczuleniu og\u00f3lnym i analgosedacji | Perfect Clinic","og_description":"Badanie przedoperacyjne Badanie przedoperacyjne okre\u015bla, czy cia\u0142o jest gotowe do planowanego zabiegu i&nbsp;czy ryzyko jest zminimalizowane. &nbsp; Zwykle obejmuje: Wype\u0142nianie kwestionariusza zdrowia Badanie fizykalne przeprowadzone przez lekarza EKG Obraz krwi Analiza moczu RTG p\u0142uc u&nbsp;zdrowych pacjent\u00f3w w wieku do 60 lat, RTG p\u0142uc jest konieczne we wszystkich grupach wiekowych u&nbsp;pacjent\u00f3w z&nbsp;chorobami p\u0142uc. Je\u015bli pacjent jest leczony przez specjalist\u0119 (pulmonologa, kardiologa, hematologa, endokrynologa, diabetologa&#8230;.), przed znieczuleniem og\u00f3lnym nale\u017cy przynie\u015b\u0107 raport lekarza prowadz\u0105cego z&nbsp;wszelkimi zaleceniami. &nbsp; Badania te wykonywane przez lekarza og\u00f3lnego lub internist\u0119 nie mog\u0105 by\u0107 starsze ni\u017c 14 dni. Istnieje [&hellip;]","og_url":"https:\/\/perfectclinic.scrdesign.com\/pl\/informacje-dla-klientow\/instrukcje-przed-zabiegiem-w-znieczuleniu-ogolnym-i-analgosedacji\/","og_site_name":"Perfect Clinik","article_modified_time":"2026-03-04T09:26:05+00:00","twitter_card":"summary_large_image","twitter_misc":{"Szacowany czas czytania":"3 minuty"},"schema":{"@context":"https:\/\/schema.org","@graph":[{"@type":"WebPage","@id":"https:\/\/perfectclinic.scrdesign.com\/pl\/informacje-dla-klientow\/instrukcje-przed-zabiegiem-w-znieczuleniu-ogolnym-i-analgosedacji\/","url":"https:\/\/perfectclinic.scrdesign.com\/pl\/informacje-dla-klientow\/instrukcje-przed-zabiegiem-w-znieczuleniu-ogolnym-i-analgosedacji\/","name":"Instrukcje przed zabiegiem w znieczuleniu og\u00f3lnym i analgosedacji | Perfect Clinic","isPartOf":{"@id":"https:\/\/perfectclinic.scrdesign.com\/pl\/#website"},"datePublished":"2025-07-24T12:15:06+00:00","dateModified":"2026-03-04T09:26:05+00:00","breadcrumb":{"@id":"https:\/\/perfectclinic.scrdesign.com\/pl\/informacje-dla-klientow\/instrukcje-przed-zabiegiem-w-znieczuleniu-ogolnym-i-analgosedacji\/#breadcrumb"},"inLanguage":"pl-PL","potentialAction":[{"@type":"ReadAction","target":["https:\/\/perfectclinic.scrdesign.com\/pl\/informacje-dla-klientow\/instrukcje-przed-zabiegiem-w-znieczuleniu-ogolnym-i-analgosedacji\/"]}]},{"@type":"BreadcrumbList","@id":"https:\/\/perfectclinic.scrdesign.com\/pl\/informacje-dla-klientow\/instrukcje-przed-zabiegiem-w-znieczuleniu-ogolnym-i-analgosedacji\/#breadcrumb","itemListElement":[{"@type":"ListItem","position":1,"name":"Dom\u016f","item":"https:\/\/perfectclinic.scrdesign.com\/pl\/perfect-clinic-piekno-jest-sztuka-jestes-inspiracja\/"},{"@type":"ListItem","position":2,"name":"Informacje dla klient\u00f3w","item":"https:\/\/perfectclinic.scrdesign.com\/pl\/informacje-dla-klientow\/"},{"@type":"ListItem","position":3,"name":"Instrukcje przed zabiegiem w znieczuleniu og\u00f3lnym i analgosedacji"}]},{"@type":"WebSite","@id":"https:\/\/perfectclinic.scrdesign.com\/pl\/#website","url":"https:\/\/perfectclinic.scrdesign.com\/pl\/","name":"Perfect Clinik","description":"","potentialAction":[{"@type":"SearchAction","target":{"@type":"EntryPoint","urlTemplate":"https:\/\/perfectclinic.scrdesign.com\/pl\/?s={search_term_string}"},"query-input":{"@type":"PropertyValueSpecification","valueRequired":true,"valueName":"search_term_string"}}],"inLanguage":"pl-PL"}]}},"_links":{"self":[{"href":"https:\/\/perfectclinic.scrdesign.com\/pl\/wp-json\/wp\/v2\/pages\/8397","targetHints":{"allow":["GET"]}}],"collection":[{"href":"https:\/\/perfectclinic.scrdesign.com\/pl\/wp-json\/wp\/v2\/pages"}],"about":[{"href":"https:\/\/perfectclinic.scrdesign.com\/pl\/wp-json\/wp\/v2\/types\/page"}],"author":[{"embeddable":true,"href":"https:\/\/perfectclinic.scrdesign.com\/pl\/wp-json\/wp\/v2\/users\/1"}],"replies":[{"embeddable":true,"href":"https:\/\/perfectclinic.scrdesign.com\/pl\/wp-json\/wp\/v2\/comments?post=8397"}],"version-history":[{"count":1,"href":"https:\/\/perfectclinic.scrdesign.com\/pl\/wp-json\/wp\/v2\/pages\/8397\/revisions"}],"predecessor-version":[{"id":8400,"href":"https:\/\/perfectclinic.scrdesign.com\/pl\/wp-json\/wp\/v2\/pages\/8397\/revisions\/8400"}],"up":[{"embeddable":true,"href":"https:\/\/perfectclinic.scrdesign.com\/pl\/wp-json\/wp\/v2\/pages\/8178"}],"wp:attachment":[{"href":"https:\/\/perfectclinic.scrdesign.com\/pl\/wp-json\/wp\/v2\/media?parent=8397"}],"wp:term":[{"taxonomy":"folder","embeddable":true,"href":"https:\/\/perfectclinic.scrdesign.com\/pl\/wp-json\/wp\/v2\/folder?post=8397"}],"curies":[{"name":"wp","href":"https:\/\/api.w.org\/{rel}","templated":true}]}}